{"id":9161,"date":"2025-10-06T22:14:59","date_gmt":"2025-10-06T22:14:59","guid":{"rendered":"https:\/\/myrhotels.com\/avviso-legale\/"},"modified":"2026-04-01T21:06:33","modified_gmt":"2026-04-01T21:06:33","slug":"avviso-legale","status":"publish","type":"page","link":"https:\/\/myrhotels.com\/it\/avviso-legale\/","title":{"rendered":"Avviso Legale"},"content":{"rendered":"\t\t<div data-elementor-type=\"wp-page\" data-elementor-id=\"9161\" class=\"elementor elementor-9161 elementor-2647\" data-elementor-post-type=\"page\">\n\t\t\t\t<div class=\"elementor-element elementor-element-48e58c9 e-con-full e-flex e-con e-parent\" data-id=\"48e58c9\" data-element_type=\"container\" data-e-type=\"container\" data-settings=\"{&quot;background_background&quot;:&quot;classic&quot;}\">\n\t\t<div class=\"elementor-element elementor-element-edaf8c9 e-flex e-con-boxed e-con e-child\" data-id=\"edaf8c9\" data-element_type=\"container\" data-e-type=\"container\">\n\t\t\t\t\t<div class=\"e-con-inner\">\n\t\t\t\t<div class=\"elementor-element elementor-element-509c2bf elementor-widget elementor-widget-heading\" data-id=\"509c2bf\" data-element_type=\"widget\" data-e-type=\"widget\" data-widget_type=\"heading.default\">\n\t\t\t\t\t<h1 class=\"elementor-heading-title elementor-size-default\">Avviso Legale<\/h1>\t\t\t\t<\/div>\n\t\t\t\t\t<\/div>\n\t\t\t\t<\/div>\n\t\t\t\t<\/div>\n\t\t<div class=\"elementor-element elementor-element-c622225 e-flex e-con-boxed e-con e-parent\" data-id=\"c622225\" data-element_type=\"container\" data-e-type=\"container\" data-settings=\"{&quot;background_background&quot;:&quot;classic&quot;}\">\n\t\t\t\t\t<div class=\"e-con-inner\">\n\t\t\t\t<div class=\"elementor-element elementor-element-8f1cc8e elementor-widget elementor-widget-heading\" data-id=\"8f1cc8e\" data-element_type=\"widget\" data-e-type=\"widget\" data-widget_type=\"heading.default\">\n\t\t\t\t\t<h2 class=\"elementor-heading-title elementor-size-default\">Propriet\u00e0 intellettuale e industriale<\/h2>\t\t\t\t<\/div>\n\t\t\t\t<div class=\"elementor-element elementor-element-54bc4bd elementor-widget elementor-widget-text-editor\" data-id=\"54bc4bd\" data-element_type=\"widget\" data-e-type=\"widget\" data-widget_type=\"text-editor.default\">\n\t\t\t\t\t\t\t\t\t<p>MYR HOTELS detiene tutti i diritti riservati. Questo sito web e i contenuti in esso inclusi, a titolo esemplificativo ma non limitativo quali articoli, testi, immagini, loghi, marchi, pulsanti, file software, slogan, design, programmi informatici e i loro elementi (codice sorgente, interfacce, applicazioni\u2026), struttura, impaginazione, nomi commerciali, marchi, disegni industriali e qualsiasi altro segno suscettibile di uso industriale e commerciale, sono soggetti e protetti dalla normativa sui diritti di propriet\u00e0 intellettuale e industriale e sono di propriet\u00e0 di MYR HOTELS o di terzi titolari che hanno autorizzato MYR HOTELS al loro utilizzo sul sito.  <\/p>\t\t\t\t\t\t\t\t<\/div>\n\t\t\t\t<div class=\"elementor-element elementor-element-b8e0d3d elementor-widget elementor-widget-text-editor\" data-id=\"b8e0d3d\" data-element_type=\"widget\" data-e-type=\"widget\" data-widget_type=\"text-editor.default\">\n\t\t\t\t\t\t\t\t\t<p>\u00c8 espressamente vietata qualsiasi forma di sfruttamento (riproduzione, copia, distribuzione, modifica, trasformazione, rimozione e manomissione) di questo sito web senza la previa autorizzazione scritta di MYR HOTELS. In nessun caso deve intendersi che sia stata concessa una licenza n\u00e9 che tali diritti siano stati rinunciati, trasferiti o concessi in locazione, in tutto o in parte; non \u00e8 stato inoltre concesso alcun diritto n\u00e9 alcuna aspettativa di diritto a modificare, sfruttare, riprodurre, distribuire o comunicare pubblicamente tali contenuti senza la previa autorizzazione espressa di MYR HOTELS o dei rispettivi titolari dei diritti d&#8217;autore. L&#8217;esistenza di collegamenti ipertestuali su siti web di terzi non implica in alcun caso l&#8217;esistenza di rapporti commerciali o di affari con il titolare della pagina che ospita il collegamento, n\u00e9 costituisce accettazione da parte di MYR HOTELS dei relativi contenuti o servizi.  <\/p>\t\t\t\t\t\t\t\t<\/div>\n\t\t\t\t<div class=\"elementor-element elementor-element-4b73835 elementor-widget elementor-widget-text-editor\" data-id=\"4b73835\" data-element_type=\"widget\" data-e-type=\"widget\" data-widget_type=\"text-editor.default\">\n\t\t\t\t\t\t\t\t\t<p>L&#8217;accesso a questo sito web non comporta in alcun caso l&#8217;acquisizione da parte degli utenti di diritti di propriet\u00e0 sui contenuti. MYR HOTELS non \u00e8 responsabile per eventuali violazioni dei diritti di propriet\u00e0 intellettuale e\/o industriale di terzi causate dal contenuto degli articoli e delle contribuzioni menzionate nel paragrafo precedente. MYR HOTELS non risponde dei danni o dei pregiudizi a persone e\/o beni derivanti da metodi, teorie, idee, opinioni, istruzioni o raccomandazioni espresse in tali articoli e contribuzioni.  <\/p>\t\t\t\t\t\t\t\t<\/div>\n\t\t\t\t<div class=\"elementor-element elementor-element-9b1b91c elementor-widget elementor-widget-heading\" data-id=\"9b1b91c\" data-element_type=\"widget\" data-e-type=\"widget\" data-widget_type=\"heading.default\">\n\t\t\t\t\t<h2 class=\"elementor-heading-title elementor-size-default\">Limitazione di responsabilit\u00e0<\/h2>\t\t\t\t<\/div>\n\t\t\t\t<div class=\"elementor-element elementor-element-f0cf2f5 elementor-widget elementor-widget-text-editor\" data-id=\"f0cf2f5\" data-element_type=\"widget\" data-e-type=\"widget\" data-widget_type=\"text-editor.default\">\n\t\t\t\t\t\t\t\t\t<p>MYR HOTELS si riserva il diritto di interrompere l&#8217;accesso al proprio sito web, nonch\u00e9 la fornitura di qualsiasi servizio tramite lo stesso in qualsiasi momento e senza preavviso, sia per motivi tecnici, di sicurezza, di manutenzione o per qualsiasi altra causa. MYR HOTELS non sar\u00e0 responsabile qualora debba interrompere il servizio, n\u00e9 per ritardi, malfunzionamenti o altri problemi derivanti da cause non imputabili a MYR HOTELS. Le informazioni contenute in questo sito web potrebbero non essere corrette, nonostante gli sforzi effettuati per garantirne l&#8217;accuratezza e l&#8217;aggiornamento. Di conseguenza, MYR HOTELS non si assume responsabilit\u00e0 per errori di contenuto o danni derivanti dal loro utilizzo. Questo sito web pu\u00f2 contenere collegamenti ad altri siti web il cui contenuto, utilit\u00e0 o accuratezza non possono essere attribuiti a MYR HOTELS. L&#8217;inserimento di un collegamento in questo sito web non pu\u00f2 essere considerato una raccomandazione agli utenti di utilizzarlo; la decisione di farne uso \u00e8 responsabilit\u00e0 degli stessi.   <\/p>\t\t\t\t\t\t\t\t<\/div>\n\t\t\t\t<div class=\"elementor-element elementor-element-e1ccff7 elementor-widget elementor-widget-text-editor\" data-id=\"e1ccff7\" data-element_type=\"widget\" data-e-type=\"widget\" data-widget_type=\"text-editor.default\">\n\t\t\t\t\t\t\t\t\t<p>MYR HOTELS non si assume responsabilit\u00e0 per i danni e le perdite derivanti dall&#8217;uso di questo sito web o dei suoi contenuti, e non garantisce l&#8217;assenza di virus n\u00e9 l&#8217;impossibilit\u00e0 che possano arrecare danni ai sistemi informatici dell&#8217;utente. MYR HOTELS non \u00e8 responsabile per l&#8217;uso improprio che possa essere fatto di questo sito web. <\/p>\t\t\t\t\t\t\t\t<\/div>\n\t\t\t\t<div class=\"elementor-element elementor-element-c88f42a elementor-widget elementor-widget-heading\" data-id=\"c88f42a\" data-element_type=\"widget\" data-e-type=\"widget\" data-widget_type=\"heading.default\">\n\t\t\t\t\t<h2 class=\"elementor-heading-title elementor-size-default\">Legge e giurisdizione applicabile<\/h2>\t\t\t\t<\/div>\n\t\t\t\t<div class=\"elementor-element elementor-element-26038a7 elementor-widget elementor-widget-text-editor\" data-id=\"26038a7\" data-element_type=\"widget\" data-e-type=\"widget\" data-widget_type=\"text-editor.default\">\n\t\t\t\t\t\t\t\t\t<p>Questo sito web, di propriet\u00e0 di EXPLOTACIONES TUR\u00cdSTICAS 2021 S.L.U., \u00e8 regolato dalla legge spagnola; pertanto, per la risoluzione di qualsiasi controversia che possa sorgere con gli utenti in relazione alle condizioni d&#8217;uso e a qualsiasi altro reclamo connesso ai contenuti e ai servizi del sito web, saranno competenti i Giudici e i Tribunali di Valencia, e si interpreter\u00e0 in conformit\u00e0 alla legge spagnola, con le parti che rinunciano espressamente al proprio foro o a qualsiasi altro foro che potrebbe spettare loro.<\/p>\t\t\t\t\t\t\t\t<\/div>\n\t\t\t\t\t<\/div>\n\t\t\t\t<\/div>\n\t\t\t\t<\/div>\n\t\t","protected":false},"excerpt":{"rendered":"<p>Avviso Legale Propriet\u00e0 intellettuale e industriale MYR HOTELS detiene tutti i diritti riservati. Questo sito web e i contenuti in esso inclusi, a titolo esemplificativo ma non limitativo quali articoli, testi, immagini, loghi, marchi, pulsanti, file software, slogan, design, programmi informatici e i loro elementi (codice sorgente, interfacce, applicazioni\u2026), struttura, impaginazione, nomi commerciali, marchi, disegni [&hellip;]<\/p>\n","protected":false},"author":2,"featured_media":0,"parent":0,"menu_order":0,"comment_status":"closed","ping_status":"closed","template":"","meta":{"_acf_changed":false,"footnotes":""},"class_list":["post-9161","page","type-page","status-publish","hentry"],"acf":[],"yoast_head":"<!-- This site is optimized with the Yoast SEO plugin v27.3 - https:\/\/yoast.com\/product\/yoast-seo-wordpress\/ -->\n<title>Avviso Legale - MYR Hotels<\/title>\n<meta name=\"description\" content=\"Consulta le informazioni legali di MYR Hotels.\" \/>\n<meta name=\"robots\" content=\"index, follow, max-snippet:-1, max-image-preview:large, max-video-preview:-1\" \/>\n<link rel=\"canonical\" href=\"https:\/\/myrhotels.com\/it\/avviso-legale\/\" \/>\n<meta property=\"og:locale\" content=\"it_IT\" \/>\n<meta property=\"og:type\" content=\"article\" \/>\n<meta property=\"og:title\" content=\"Avviso Legale - MYR Hotels\" \/>\n<meta property=\"og:description\" content=\"Consulta le informazioni legali di MYR Hotels.\" \/>\n<meta property=\"og:url\" content=\"https:\/\/myrhotels.com\/it\/avviso-legale\/\" \/>\n<meta property=\"og:site_name\" content=\"MYR Hotels\" \/>\n<meta property=\"article:modified_time\" content=\"2026-04-01T21:06:33+00:00\" \/>\n<meta name=\"twitter:card\" content=\"summary_large_image\" \/>\n<meta name=\"twitter:label1\" content=\"Tempo di lettura stimato\" \/>\n\t<meta name=\"twitter:data1\" content=\"3 minuti\" \/>\n<script type=\"application\/ld+json\" class=\"yoast-schema-graph\">{\"@context\":\"https:\\\/\\\/schema.org\",\"@graph\":[{\"@type\":\"WebPage\",\"@id\":\"https:\\\/\\\/myrhotels.com\\\/it\\\/avviso-legale\\\/\",\"url\":\"https:\\\/\\\/myrhotels.com\\\/it\\\/avviso-legale\\\/\",\"name\":\"Avviso Legale - MYR Hotels\",\"isPartOf\":{\"@id\":\"https:\\\/\\\/myrhotels.com\\\/it\\\/#website\"},\"datePublished\":\"2025-10-06T22:14:59+00:00\",\"dateModified\":\"2026-04-01T21:06:33+00:00\",\"description\":\"Consulta le informazioni legali di MYR Hotels.\",\"breadcrumb\":{\"@id\":\"https:\\\/\\\/myrhotels.com\\\/it\\\/avviso-legale\\\/#breadcrumb\"},\"inLanguage\":\"it-IT\",\"potentialAction\":[{\"@type\":\"ReadAction\",\"target\":[\"https:\\\/\\\/myrhotels.com\\\/it\\\/avviso-legale\\\/\"]}]},{\"@type\":\"BreadcrumbList\",\"@id\":\"https:\\\/\\\/myrhotels.com\\\/it\\\/avviso-legale\\\/#breadcrumb\",\"itemListElement\":[{\"@type\":\"ListItem\",\"position\":1,\"name\":\"Portada\",\"item\":\"https:\\\/\\\/myrhotels.com\\\/it\\\/\"},{\"@type\":\"ListItem\",\"position\":2,\"name\":\"Avviso Legale\"}]},{\"@type\":\"WebSite\",\"@id\":\"https:\\\/\\\/myrhotels.com\\\/it\\\/#website\",\"url\":\"https:\\\/\\\/myrhotels.com\\\/it\\\/\",\"name\":\"MYR Hotels\",\"description\":\"Hoteles boutique en Valencia con restaurantes y rooftops exclusivos\",\"publisher\":{\"@id\":\"https:\\\/\\\/myrhotels.com\\\/it\\\/#organization\"},\"potentialAction\":[{\"@type\":\"SearchAction\",\"target\":{\"@type\":\"EntryPoint\",\"urlTemplate\":\"https:\\\/\\\/myrhotels.com\\\/it\\\/?s={search_term_string}\"},\"query-input\":{\"@type\":\"PropertyValueSpecification\",\"valueRequired\":true,\"valueName\":\"search_term_string\"}}],\"inLanguage\":\"it-IT\"},{\"@type\":\"Organization\",\"@id\":\"https:\\\/\\\/myrhotels.com\\\/it\\\/#organization\",\"name\":\"MYR Hotels\",\"url\":\"https:\\\/\\\/myrhotels.com\\\/it\\\/\",\"logo\":{\"@type\":\"ImageObject\",\"inLanguage\":\"it-IT\",\"@id\":\"https:\\\/\\\/myrhotels.com\\\/it\\\/#\\\/schema\\\/logo\\\/image\\\/\",\"url\":\"https:\\\/\\\/myrhotels.com\\\/wp-content\\\/uploads\\\/2025\\\/08\\\/logo-black.svg\",\"contentUrl\":\"https:\\\/\\\/myrhotels.com\\\/wp-content\\\/uploads\\\/2025\\\/08\\\/logo-black.svg\",\"width\":90,\"height\":40,\"caption\":\"MYR Hotels\"},\"image\":{\"@id\":\"https:\\\/\\\/myrhotels.com\\\/it\\\/#\\\/schema\\\/logo\\\/image\\\/\"}}]}<\/script>\n<!-- \/ Yoast SEO plugin. -->","yoast_head_json":{"title":"Avviso Legale - MYR Hotels","description":"Consulta le informazioni legali di MYR Hotels.","robots":{"index":"index","follow":"follow","max-snippet":"max-snippet:-1","max-image-preview":"max-image-preview:large","max-video-preview":"max-video-preview:-1"},"canonical":"https:\/\/myrhotels.com\/it\/avviso-legale\/","og_locale":"it_IT","og_type":"article","og_title":"Avviso Legale - MYR Hotels","og_description":"Consulta le informazioni legali di MYR Hotels.","og_url":"https:\/\/myrhotels.com\/it\/avviso-legale\/","og_site_name":"MYR Hotels","article_modified_time":"2026-04-01T21:06:33+00:00","twitter_card":"summary_large_image","twitter_misc":{"Tempo di lettura stimato":"3 minuti"},"schema":{"@context":"https:\/\/schema.org","@graph":[{"@type":"WebPage","@id":"https:\/\/myrhotels.com\/it\/avviso-legale\/","url":"https:\/\/myrhotels.com\/it\/avviso-legale\/","name":"Avviso Legale - MYR Hotels","isPartOf":{"@id":"https:\/\/myrhotels.com\/it\/#website"},"datePublished":"2025-10-06T22:14:59+00:00","dateModified":"2026-04-01T21:06:33+00:00","description":"Consulta le informazioni legali di MYR Hotels.","breadcrumb":{"@id":"https:\/\/myrhotels.com\/it\/avviso-legale\/#breadcrumb"},"inLanguage":"it-IT","potentialAction":[{"@type":"ReadAction","target":["https:\/\/myrhotels.com\/it\/avviso-legale\/"]}]},{"@type":"BreadcrumbList","@id":"https:\/\/myrhotels.com\/it\/avviso-legale\/#breadcrumb","itemListElement":[{"@type":"ListItem","position":1,"name":"Portada","item":"https:\/\/myrhotels.com\/it\/"},{"@type":"ListItem","position":2,"name":"Avviso Legale"}]},{"@type":"WebSite","@id":"https:\/\/myrhotels.com\/it\/#website","url":"https:\/\/myrhotels.com\/it\/","name":"MYR Hotels","description":"Hoteles boutique en Valencia con restaurantes y rooftops exclusivos","publisher":{"@id":"https:\/\/myrhotels.com\/it\/#organization"},"potentialAction":[{"@type":"SearchAction","target":{"@type":"EntryPoint","urlTemplate":"https:\/\/myrhotels.com\/it\/?s={search_term_string}"},"query-input":{"@type":"PropertyValueSpecification","valueRequired":true,"valueName":"search_term_string"}}],"inLanguage":"it-IT"},{"@type":"Organization","@id":"https:\/\/myrhotels.com\/it\/#organization","name":"MYR Hotels","url":"https:\/\/myrhotels.com\/it\/","logo":{"@type":"ImageObject","inLanguage":"it-IT","@id":"https:\/\/myrhotels.com\/it\/#\/schema\/logo\/image\/","url":"https:\/\/myrhotels.com\/wp-content\/uploads\/2025\/08\/logo-black.svg","contentUrl":"https:\/\/myrhotels.com\/wp-content\/uploads\/2025\/08\/logo-black.svg","width":90,"height":40,"caption":"MYR Hotels"},"image":{"@id":"https:\/\/myrhotels.com\/it\/#\/schema\/logo\/image\/"}}]}},"_links":{"self":[{"href":"https:\/\/myrhotels.com\/it\/wp-json\/wp\/v2\/pages\/9161","targetHints":{"allow":["GET"]}}],"collection":[{"href":"https:\/\/myrhotels.com\/it\/wp-json\/wp\/v2\/pages"}],"about":[{"href":"https:\/\/myrhotels.com\/it\/wp-json\/wp\/v2\/types\/page"}],"author":[{"embeddable":true,"href":"https:\/\/myrhotels.com\/it\/wp-json\/wp\/v2\/users\/2"}],"replies":[{"embeddable":true,"href":"https:\/\/myrhotels.com\/it\/wp-json\/wp\/v2\/comments?post=9161"}],"version-history":[{"count":1,"href":"https:\/\/myrhotels.com\/it\/wp-json\/wp\/v2\/pages\/9161\/revisions"}],"predecessor-version":[{"id":9162,"href":"https:\/\/myrhotels.com\/it\/wp-json\/wp\/v2\/pages\/9161\/revisions\/9162"}],"wp:attachment":[{"href":"https:\/\/myrhotels.com\/it\/wp-json\/wp\/v2\/media?parent=9161"}],"curies":[{"name":"wp","href":"https:\/\/api.w.org\/{rel}","templated":true}]}}