{"id":8665,"date":"2025-08-25T19:04:06","date_gmt":"2025-08-25T19:04:06","guid":{"rendered":"https:\/\/myrhotels.com\/packs-et-experiences\/"},"modified":"2026-04-01T23:32:25","modified_gmt":"2026-04-01T23:32:25","slug":"forfaits-speciaux","status":"publish","type":"page","link":"https:\/\/myrhotels.com\/fr\/forfaits-speciaux\/","title":{"rendered":"Packs et exp\u00e9riences"},"content":{"rendered":"\t\t<div data-elementor-type=\"wp-page\" data-elementor-id=\"8665\" class=\"elementor elementor-8665 elementor-401\" data-elementor-post-type=\"page\">\n\t\t\t\t<div class=\"elementor-element elementor-element-9fa89f6 e-con-full e-flex e-con e-parent\" data-id=\"9fa89f6\" data-element_type=\"container\" data-e-type=\"container\" data-settings=\"{&quot;background_background&quot;:&quot;classic&quot;}\">\n\t\t<div class=\"elementor-element elementor-element-4cf40aa e-flex e-con-boxed e-con e-child\" data-id=\"4cf40aa\" data-element_type=\"container\" data-e-type=\"container\">\n\t\t\t\t\t<div class=\"e-con-inner\">\n\t\t\t\t<div class=\"elementor-element elementor-element-a28c300 elementor-widget elementor-widget-text-editor\" data-id=\"a28c300\" data-element_type=\"widget\" data-e-type=\"widget\" data-widget_type=\"text-editor.default\">\n\t\t\t\t\t\t\t\t\t<p>MYR Hotels<\/p>\t\t\t\t\t\t\t\t<\/div>\n\t\t\t\t<div class=\"elementor-element elementor-element-7aeff3b elementor-widget elementor-widget-heading\" data-id=\"7aeff3b\" data-element_type=\"widget\" data-e-type=\"widget\" data-widget_type=\"heading.default\">\n\t\t\t\t\t<h1 class=\"elementor-heading-title elementor-size-default\">Packs sp\u00e9ciaux<\/h1>\t\t\t\t<\/div>\n\t\t\t\t\t<\/div>\n\t\t\t\t<\/div>\n\t\t\t\t<\/div>\n\t\t<div class=\"elementor-element elementor-element-fa304b6 e-flex e-con-boxed e-con e-parent\" data-id=\"fa304b6\" data-element_type=\"container\" data-e-type=\"container\" data-settings=\"{&quot;background_background&quot;:&quot;classic&quot;}\">\n\t\t\t\t\t<div class=\"e-con-inner\">\n\t\t<div class=\"elementor-element elementor-element-40d78df e-con-full e-flex e-con e-child\" data-id=\"40d78df\" data-element_type=\"container\" data-e-type=\"container\" data-settings=\"{&quot;background_background&quot;:&quot;classic&quot;}\">\n\t\t\t\t<div class=\"elementor-element elementor-element-6c65ee3 elementor-widget elementor-widget-spacer\" data-id=\"6c65ee3\" data-element_type=\"widget\" data-e-type=\"widget\" data-widget_type=\"spacer.default\">\n\t\t\t\t\t\t\t<div class=\"elementor-spacer\">\n\t\t\t<div class=\"elementor-spacer-inner\"><\/div>\n\t\t<\/div>\n\t\t\t\t\t\t<\/div>\n\t\t\t\t<\/div>\n\t\t<div class=\"elementor-element elementor-element-8a581a4 e-con-full e-flex e-con e-child\" data-id=\"8a581a4\" data-element_type=\"container\" data-e-type=\"container\">\n\t\t<div class=\"elementor-element elementor-element-865981e e-con-full e-flex e-con e-child\" data-id=\"865981e\" data-element_type=\"container\" data-e-type=\"container\">\n\t\t\t\t<div class=\"elementor-element elementor-element-65edc81 elementor-widget elementor-widget-text-editor\" data-id=\"65edc81\" data-element_type=\"widget\" data-e-type=\"widget\" data-widget_type=\"text-editor.default\">\n\t\t\t\t\t\t\t\t\t<p>An experience designed for two<\/p>\t\t\t\t\t\t\t\t<\/div>\n\t\t\t\t<div class=\"elementor-element elementor-element-42e5dc1 elementor-widget elementor-widget-heading\" data-id=\"42e5dc1\" data-element_type=\"widget\" data-e-type=\"widget\" data-widget_type=\"heading.default\">\n\t\t\t\t\t<h2 class=\"elementor-heading-title elementor-size-default\">Pack Romantique<\/h2>\t\t\t\t<\/div>\n\t\t\t\t<div class=\"elementor-element elementor-element-945d1c0 elementor-widget elementor-widget-text-editor\" data-id=\"945d1c0\" data-element_type=\"widget\" data-e-type=\"widget\" data-widget_type=\"text-editor.default\">\n\t\t\t\t\t\t\t\t\t<p>Un accueil pens\u00e9 pour c\u00e9l\u00e9brer l&rsquo;amour avec la plus grande \u00e9l\u00e9gance. Une bouteille de champagne dans la chambre, accompagn\u00e9e de macarons artisanaux exquis et d&rsquo;un d\u00e9licat bouquet de fleurs fra\u00eeches, cr\u00e9e le cadre id\u00e9al pour porter un toast \u00e0 des instants uniques. Une exp\u00e9rience intime et raffin\u00e9e qui transforme tout s\u00e9jour en un souvenir \u00e9ternel.  <\/p>\t\t\t\t\t\t\t\t<\/div>\n\t\t\t\t<div class=\"elementor-element elementor-element-212f10d elementor-widget elementor-widget-text-editor\" data-id=\"212f10d\" data-element_type=\"widget\" data-e-type=\"widget\" data-widget_type=\"text-editor.default\">\n\t\t\t\t\t\t\t\t\t<p>Prix : 140 \u20ac<\/p>\t\t\t\t\t\t\t\t<\/div>\n\t\t\t\t<div class=\"elementor-element elementor-element-aea1df7 elementor-widget elementor-widget-text-editor\" data-id=\"aea1df7\" data-element_type=\"widget\" data-e-type=\"widget\" data-widget_type=\"text-editor.default\">\n\t\t\t\t\t\t\t\t\t<p>* Add this experience to your booking<\/p>\t\t\t\t\t\t\t\t<\/div>\n\t\t\t\t<div class=\"elementor-element elementor-element-53e6ed0 elementor-tablet-align-center my-btn elementor-align-left elementor-widget elementor-widget-button\" data-id=\"53e6ed0\" data-element_type=\"widget\" data-e-type=\"widget\" data-widget_type=\"button.default\">\n\t\t\t\t\t\t\t\t\t\t<a class=\"elementor-button elementor-button-link elementor-size-sm\" href=\"https:\/\/engine.witbooking.com\/es\/chain\/myr_agr?adults=2\">\n\t\t\t\t\t\t<span class=\"elementor-button-content-wrapper\">\n\t\t\t\t\t\t\t\t\t<span class=\"elementor-button-text\">R\u00e9server maintenant<\/span>\n\t\t\t\t\t<\/span>\n\t\t\t\t\t<\/a>\n\t\t\t\t\t\t\t\t<\/div>\n\t\t\t\t<\/div>\n\t\t\t\t<\/div>\n\t\t\t\t\t<\/div>\n\t\t\t\t<\/div>\n\t\t<div class=\"elementor-element elementor-element-2bb80cc e-flex e-con-boxed e-con e-child\" data-id=\"2bb80cc\" data-element_type=\"container\" data-e-type=\"container\" data-settings=\"{&quot;background_background&quot;:&quot;classic&quot;}\">\n\t\t\t\t\t<div class=\"e-con-inner\">\n\t\t<div class=\"elementor-element elementor-element-c4491f3 e-con-full e-flex e-con e-child\" data-id=\"c4491f3\" data-element_type=\"container\" data-e-type=\"container\" data-settings=\"{&quot;background_background&quot;:&quot;classic&quot;}\">\n\t\t\t\t<div class=\"elementor-element elementor-element-556ed3f elementor-widget elementor-widget-text-editor\" data-id=\"556ed3f\" data-element_type=\"widget\" data-e-type=\"widget\" data-widget_type=\"text-editor.default\">\n\t\t\t\t\t\t\t\t\t<p>A moment of absolute wellbeing<\/p>\t\t\t\t\t\t\t\t<\/div>\n\t\t\t\t<div class=\"elementor-element elementor-element-f5b986c elementor-widget elementor-widget-heading\" data-id=\"f5b986c\" data-element_type=\"widget\" data-e-type=\"widget\" data-widget_type=\"heading.default\">\n\t\t\t\t\t<h2 class=\"elementor-heading-title elementor-size-default\">Massage relaxant<\/h2>\t\t\t\t<\/div>\n\t\t\t\t<div class=\"elementor-element elementor-element-e616cfb text-justify elementor-widget elementor-widget-text-editor\" data-id=\"e616cfb\" data-element_type=\"widget\" data-e-type=\"widget\" data-widget_type=\"text-editor.default\">\n\t\t\t\t\t\t\t\t\t<p>Treat yourself to an oasis of calm in the heart of the city. Enjoy a 60-minute full-body massage with sweet almond oil and the aroma that inspires you most. A sensory experience designed to release tension, relax the body, and restore balance and wellbeing.  <\/p>\t\t\t\t\t\t\t\t<\/div>\n\t\t\t\t<div class=\"elementor-element elementor-element-aacc6d3 text-justify elementor-widget elementor-widget-text-editor\" data-id=\"aacc6d3\" data-element_type=\"widget\" data-e-type=\"widget\" data-widget_type=\"text-editor.default\">\n\t\t\t\t\t\t\t\t\t<p>Sous r\u00e9serve de disponibilit\u00e9. Il est n\u00e9cessaire de fixer la date et l&rsquo;heure au <a href=\"tel:+34%20963%20153%20367\">(+34) 963 153 367.<\/a> <\/p>\t\t\t\t\t\t\t\t<\/div>\n\t\t\t\t<div class=\"elementor-element elementor-element-f01ec21 text-justify elementor-widget elementor-widget-text-editor\" data-id=\"f01ec21\" data-element_type=\"widget\" data-e-type=\"widget\" data-widget_type=\"text-editor.default\">\n\t\t\t\t\t\t\t\t\t<p>Service disponible \u00e0 l&rsquo; <a href=\"https:\/\/myrhotels.com\/fr\/hotels-a-valence\/hotel-plaza-mercado\/\">Hotel &amp; Spa Plaza Mercado.<\/a><\/p>\t\t\t\t\t\t\t\t<\/div>\n\t\t\t\t<div class=\"elementor-element elementor-element-64fb501 text-justify elementor-widget elementor-widget-text-editor\" data-id=\"64fb501\" data-element_type=\"widget\" data-e-type=\"widget\" data-widget_type=\"text-editor.default\">\n\t\t\t\t\t\t\t\t\t<p><span class=\"comment_message--italicStyle--QoaFv\">Prix : 80 \u20ac  <\/span><\/p>\t\t\t\t\t\t\t\t<\/div>\n\t\t\t\t<div class=\"elementor-element elementor-element-c24e892 elementor-tablet-align-center my-btn elementor-align-left elementor-widget elementor-widget-button\" data-id=\"c24e892\" data-element_type=\"widget\" data-e-type=\"widget\" data-widget_type=\"button.default\">\n\t\t\t\t\t\t\t\t\t\t<a class=\"elementor-button elementor-button-link elementor-size-sm\" href=\"https:\/\/connect.shore.com\/bookings\/hotel-plaza-mercado-spa\/services\">\n\t\t\t\t\t\t<span class=\"elementor-button-content-wrapper\">\n\t\t\t\t\t\t\t\t\t<span class=\"elementor-button-text\">R\u00e9server maintenant<\/span>\n\t\t\t\t\t<\/span>\n\t\t\t\t\t<\/a>\n\t\t\t\t\t\t\t\t<\/div>\n\t\t\t\t<\/div>\n\t\t<div class=\"elementor-element elementor-element-0da5021 e-con-full e-flex e-con e-child\" data-id=\"0da5021\" data-element_type=\"container\" data-e-type=\"container\" data-settings=\"{&quot;background_background&quot;:&quot;classic&quot;}\">\n\t\t\t\t<div class=\"elementor-element elementor-element-36f99a6 elementor-widget elementor-widget-spacer\" data-id=\"36f99a6\" data-element_type=\"widget\" data-e-type=\"widget\" data-widget_type=\"spacer.default\">\n\t\t\t\t\t\t\t<div class=\"elementor-spacer\">\n\t\t\t<div class=\"elementor-spacer-inner\"><\/div>\n\t\t<\/div>\n\t\t\t\t\t\t<\/div>\n\t\t\t\t<\/div>\n\t\t\t\t\t<\/div>\n\t\t\t\t<\/div>\n\t\t<div class=\"elementor-element elementor-element-28ea13f e-flex e-con-boxed e-con e-parent\" data-id=\"28ea13f\" data-element_type=\"container\" data-e-type=\"container\" data-settings=\"{&quot;background_background&quot;:&quot;classic&quot;}\">\n\t\t\t\t\t<div class=\"e-con-inner\">\n\t\t<div class=\"elementor-element elementor-element-1816b3d e-con-full e-flex e-con e-child\" data-id=\"1816b3d\" data-element_type=\"container\" data-e-type=\"container\" data-settings=\"{&quot;background_background&quot;:&quot;classic&quot;}\">\n\t\t\t\t<div class=\"elementor-element elementor-element-4389cee elementor-widget elementor-widget-spacer\" data-id=\"4389cee\" data-element_type=\"widget\" data-e-type=\"widget\" data-widget_type=\"spacer.default\">\n\t\t\t\t\t\t\t<div class=\"elementor-spacer\">\n\t\t\t<div class=\"elementor-spacer-inner\"><\/div>\n\t\t<\/div>\n\t\t\t\t\t\t<\/div>\n\t\t\t\t<\/div>\n\t\t<div class=\"elementor-element elementor-element-0f5c4ca e-con-full e-flex e-con e-child\" data-id=\"0f5c4ca\" data-element_type=\"container\" data-e-type=\"container\">\n\t\t<div class=\"elementor-element elementor-element-20e4ced e-con-full e-flex e-con e-child\" data-id=\"20e4ced\" data-element_type=\"container\" data-e-type=\"container\">\n\t\t\t\t<div class=\"elementor-element elementor-element-fb52d3a elementor-widget elementor-widget-text-editor\" data-id=\"fb52d3a\" data-element_type=\"widget\" data-e-type=\"widget\" data-widget_type=\"text-editor.default\">\n\t\t\t\t\t\t\t\t\t<p>Escapade relaxante<\/p>\t\t\t\t\t\t\t\t<\/div>\n\t\t\t\t<div class=\"elementor-element elementor-element-5976e30 elementor-widget elementor-widget-heading\" data-id=\"5976e30\" data-element_type=\"widget\" data-e-type=\"widget\" data-widget_type=\"heading.default\">\n\t\t\t\t\t<h2 class=\"elementor-heading-title elementor-size-default\">Rituel Gold<\/h2>\t\t\t\t<\/div>\n\t\t\t\t<div class=\"elementor-element elementor-element-8fb4c25 elementor-widget elementor-widget-text-editor\" data-id=\"8fb4c25\" data-element_type=\"widget\" data-e-type=\"widget\" data-widget_type=\"text-editor.default\">\n\t\t\t\t\t\t\t\t\t<p>Enjoy an exclusive 90-minute ritual combining exfoliation, wrap, and hydration with natural oils, aloe vera, and 24K gold. Share this experience for two and let yourself be enveloped by a volcanic stone massage, designed to illuminate the skin, deeply relax the body, and renew mind and spirit. <\/p>\t\t\t\t\t\t\t\t<\/div>\n\t\t\t\t<div class=\"elementor-element elementor-element-de8e922 elementor-widget elementor-widget-text-editor\" data-id=\"de8e922\" data-element_type=\"widget\" data-e-type=\"widget\" data-widget_type=\"text-editor.default\">\n\t\t\t\t\t\t\t\t\t<p>*Include this package in your booking<\/p>\t\t\t\t\t\t\t\t<\/div>\n\t\t\t\t<div class=\"elementor-element elementor-element-aebcb8c elementor-widget elementor-widget-text-editor\" data-id=\"aebcb8c\" data-element_type=\"widget\" data-e-type=\"widget\" data-widget_type=\"text-editor.default\">\n\t\t\t\t\t\t\t\t\t<p><span class=\"\">Service disponible \u00e0 l&rsquo; <a href=\"https:\/\/myrhotels.com\/fr\/hotels-a-valence\/hotel-plaza-mercado\/\">Hotel &amp; Spa Plaza Mercado<\/a><\/span><\/p>\t\t\t\t\t\t\t\t<\/div>\n\t\t\t\t<div class=\"elementor-element elementor-element-6b2d10e elementor-widget elementor-widget-text-editor\" data-id=\"6b2d10e\" data-element_type=\"widget\" data-e-type=\"widget\" data-widget_type=\"text-editor.default\">\n\t\t\t\t\t\t\t\t\t<p><span class=\"\">Prix : 140 \u20ac<\/span><\/p>\t\t\t\t\t\t\t\t<\/div>\n\t\t\t\t<div class=\"elementor-element elementor-element-5965ed8 elementor-tablet-align-center my-btn elementor-align-left elementor-widget elementor-widget-button\" data-id=\"5965ed8\" data-element_type=\"widget\" data-e-type=\"widget\" data-widget_type=\"button.default\">\n\t\t\t\t\t\t\t\t\t\t<a class=\"elementor-button elementor-button-link elementor-size-sm\" href=\"https:\/\/connect.shore.com\/bookings\/hotel-plaza-mercado-spa\/services\">\n\t\t\t\t\t\t<span class=\"elementor-button-content-wrapper\">\n\t\t\t\t\t\t\t\t\t<span class=\"elementor-button-text\">R\u00e9server maintenant<\/span>\n\t\t\t\t\t<\/span>\n\t\t\t\t\t<\/a>\n\t\t\t\t\t\t\t\t<\/div>\n\t\t\t\t<\/div>\n\t\t\t\t<\/div>\n\t\t\t\t\t<\/div>\n\t\t\t\t<\/div>\n\t\t\t\t<\/div>\n\t\t","protected":false},"excerpt":{"rendered":"<p>MYR Hotels Packs sp\u00e9ciaux An experience designed for two Pack Romantique Un accueil pens\u00e9 pour c\u00e9l\u00e9brer l&rsquo;amour avec la plus grande \u00e9l\u00e9gance. Une bouteille de champagne dans la chambre, accompagn\u00e9e de macarons artisanaux exquis et d&rsquo;un d\u00e9licat bouquet de fleurs fra\u00eeches, cr\u00e9e le cadre id\u00e9al pour porter un toast \u00e0 des instants uniques. Une exp\u00e9rience [&hellip;]<\/p>\n","protected":false},"author":2,"featured_media":0,"parent":0,"menu_order":0,"comment_status":"closed","ping_status":"closed","template":"","meta":{"_acf_changed":false,"footnotes":""},"class_list":["post-8665","page","type-page","status-publish","hentry"],"acf":[],"yoast_head":"<!-- This site is optimized with the Yoast SEO plugin v27.3 - https:\/\/yoast.com\/product\/yoast-seo-wordpress\/ -->\n<title>Packs et exp\u00e9riences - MYR Hotels<\/title>\n<meta name=\"description\" content=\"D\u00e9couvrez des packs sp\u00e9ciaux et des exp\u00e9riences pour vivre Valence avec MYR Hotels.\" \/>\n<meta name=\"robots\" content=\"index, follow, max-snippet:-1, max-image-preview:large, max-video-preview:-1\" \/>\n<link rel=\"canonical\" href=\"https:\/\/myrhotels.com\/fr\/forfaits-speciaux\/\" \/>\n<meta property=\"og:locale\" content=\"fr_FR\" \/>\n<meta property=\"og:type\" content=\"article\" \/>\n<meta property=\"og:title\" content=\"Packs et exp\u00e9riences - MYR Hotels\" \/>\n<meta property=\"og:description\" content=\"D\u00e9couvrez des packs sp\u00e9ciaux et des exp\u00e9riences pour vivre Valence avec MYR Hotels.\" \/>\n<meta property=\"og:url\" content=\"https:\/\/myrhotels.com\/fr\/forfaits-speciaux\/\" \/>\n<meta property=\"og:site_name\" content=\"MYR Hotels\" \/>\n<meta property=\"article:modified_time\" content=\"2026-04-01T23:32:25+00:00\" \/>\n<meta name=\"twitter:card\" content=\"summary_large_image\" \/>\n<meta name=\"twitter:label1\" content=\"Dur\u00e9e de lecture estim\u00e9e\" \/>\n\t<meta name=\"twitter:data1\" content=\"1 minute\" \/>\n<script type=\"application\/ld+json\" class=\"yoast-schema-graph\">{\"@context\":\"https:\\\/\\\/schema.org\",\"@graph\":[{\"@type\":\"WebPage\",\"@id\":\"https:\\\/\\\/myrhotels.com\\\/fr\\\/forfaits-speciaux\\\/\",\"url\":\"https:\\\/\\\/myrhotels.com\\\/fr\\\/forfaits-speciaux\\\/\",\"name\":\"Packs et exp\u00e9riences - MYR Hotels\",\"isPartOf\":{\"@id\":\"https:\\\/\\\/myrhotels.com\\\/fr\\\/#website\"},\"datePublished\":\"2025-08-25T19:04:06+00:00\",\"dateModified\":\"2026-04-01T23:32:25+00:00\",\"description\":\"D\u00e9couvrez des packs sp\u00e9ciaux et des exp\u00e9riences pour vivre Valence avec MYR Hotels.\",\"breadcrumb\":{\"@id\":\"https:\\\/\\\/myrhotels.com\\\/fr\\\/forfaits-speciaux\\\/#breadcrumb\"},\"inLanguage\":\"fr-FR\",\"potentialAction\":[{\"@type\":\"ReadAction\",\"target\":[\"https:\\\/\\\/myrhotels.com\\\/fr\\\/forfaits-speciaux\\\/\"]}]},{\"@type\":\"BreadcrumbList\",\"@id\":\"https:\\\/\\\/myrhotels.com\\\/fr\\\/forfaits-speciaux\\\/#breadcrumb\",\"itemListElement\":[{\"@type\":\"ListItem\",\"position\":1,\"name\":\"Portada\",\"item\":\"https:\\\/\\\/myrhotels.com\\\/fr\\\/\"},{\"@type\":\"ListItem\",\"position\":2,\"name\":\"Packs et exp\u00e9riences\"}]},{\"@type\":\"WebSite\",\"@id\":\"https:\\\/\\\/myrhotels.com\\\/fr\\\/#website\",\"url\":\"https:\\\/\\\/myrhotels.com\\\/fr\\\/\",\"name\":\"MYR Hotels\",\"description\":\"Hoteles boutique en Valencia con restaurantes y rooftops exclusivos\",\"publisher\":{\"@id\":\"https:\\\/\\\/myrhotels.com\\\/fr\\\/#organization\"},\"potentialAction\":[{\"@type\":\"SearchAction\",\"target\":{\"@type\":\"EntryPoint\",\"urlTemplate\":\"https:\\\/\\\/myrhotels.com\\\/fr\\\/?s={search_term_string}\"},\"query-input\":{\"@type\":\"PropertyValueSpecification\",\"valueRequired\":true,\"valueName\":\"search_term_string\"}}],\"inLanguage\":\"fr-FR\"},{\"@type\":\"Organization\",\"@id\":\"https:\\\/\\\/myrhotels.com\\\/fr\\\/#organization\",\"name\":\"MYR Hotels\",\"url\":\"https:\\\/\\\/myrhotels.com\\\/fr\\\/\",\"logo\":{\"@type\":\"ImageObject\",\"inLanguage\":\"fr-FR\",\"@id\":\"https:\\\/\\\/myrhotels.com\\\/fr\\\/#\\\/schema\\\/logo\\\/image\\\/\",\"url\":\"https:\\\/\\\/myrhotels.com\\\/wp-content\\\/uploads\\\/2025\\\/08\\\/logo-black.svg\",\"contentUrl\":\"https:\\\/\\\/myrhotels.com\\\/wp-content\\\/uploads\\\/2025\\\/08\\\/logo-black.svg\",\"width\":90,\"height\":40,\"caption\":\"MYR Hotels\"},\"image\":{\"@id\":\"https:\\\/\\\/myrhotels.com\\\/fr\\\/#\\\/schema\\\/logo\\\/image\\\/\"}}]}<\/script>\n<!-- \/ Yoast SEO plugin. -->","yoast_head_json":{"title":"Packs et exp\u00e9riences - MYR Hotels","description":"D\u00e9couvrez des packs sp\u00e9ciaux et des exp\u00e9riences pour vivre Valence avec MYR Hotels.","robots":{"index":"index","follow":"follow","max-snippet":"max-snippet:-1","max-image-preview":"max-image-preview:large","max-video-preview":"max-video-preview:-1"},"canonical":"https:\/\/myrhotels.com\/fr\/forfaits-speciaux\/","og_locale":"fr_FR","og_type":"article","og_title":"Packs et exp\u00e9riences - MYR Hotels","og_description":"D\u00e9couvrez des packs sp\u00e9ciaux et des exp\u00e9riences pour vivre Valence avec MYR Hotels.","og_url":"https:\/\/myrhotels.com\/fr\/forfaits-speciaux\/","og_site_name":"MYR Hotels","article_modified_time":"2026-04-01T23:32:25+00:00","twitter_card":"summary_large_image","twitter_misc":{"Dur\u00e9e de lecture estim\u00e9e":"1 minute"},"schema":{"@context":"https:\/\/schema.org","@graph":[{"@type":"WebPage","@id":"https:\/\/myrhotels.com\/fr\/forfaits-speciaux\/","url":"https:\/\/myrhotels.com\/fr\/forfaits-speciaux\/","name":"Packs et exp\u00e9riences - MYR Hotels","isPartOf":{"@id":"https:\/\/myrhotels.com\/fr\/#website"},"datePublished":"2025-08-25T19:04:06+00:00","dateModified":"2026-04-01T23:32:25+00:00","description":"D\u00e9couvrez des packs sp\u00e9ciaux et des exp\u00e9riences pour vivre Valence avec MYR Hotels.","breadcrumb":{"@id":"https:\/\/myrhotels.com\/fr\/forfaits-speciaux\/#breadcrumb"},"inLanguage":"fr-FR","potentialAction":[{"@type":"ReadAction","target":["https:\/\/myrhotels.com\/fr\/forfaits-speciaux\/"]}]},{"@type":"BreadcrumbList","@id":"https:\/\/myrhotels.com\/fr\/forfaits-speciaux\/#breadcrumb","itemListElement":[{"@type":"ListItem","position":1,"name":"Portada","item":"https:\/\/myrhotels.com\/fr\/"},{"@type":"ListItem","position":2,"name":"Packs et exp\u00e9riences"}]},{"@type":"WebSite","@id":"https:\/\/myrhotels.com\/fr\/#website","url":"https:\/\/myrhotels.com\/fr\/","name":"MYR Hotels","description":"Hoteles boutique en Valencia con restaurantes y rooftops exclusivos","publisher":{"@id":"https:\/\/myrhotels.com\/fr\/#organization"},"potentialAction":[{"@type":"SearchAction","target":{"@type":"EntryPoint","urlTemplate":"https:\/\/myrhotels.com\/fr\/?s={search_term_string}"},"query-input":{"@type":"PropertyValueSpecification","valueRequired":true,"valueName":"search_term_string"}}],"inLanguage":"fr-FR"},{"@type":"Organization","@id":"https:\/\/myrhotels.com\/fr\/#organization","name":"MYR Hotels","url":"https:\/\/myrhotels.com\/fr\/","logo":{"@type":"ImageObject","inLanguage":"fr-FR","@id":"https:\/\/myrhotels.com\/fr\/#\/schema\/logo\/image\/","url":"https:\/\/myrhotels.com\/wp-content\/uploads\/2025\/08\/logo-black.svg","contentUrl":"https:\/\/myrhotels.com\/wp-content\/uploads\/2025\/08\/logo-black.svg","width":90,"height":40,"caption":"MYR Hotels"},"image":{"@id":"https:\/\/myrhotels.com\/fr\/#\/schema\/logo\/image\/"}}]}},"_links":{"self":[{"href":"https:\/\/myrhotels.com\/fr\/wp-json\/wp\/v2\/pages\/8665","targetHints":{"allow":["GET"]}}],"collection":[{"href":"https:\/\/myrhotels.com\/fr\/wp-json\/wp\/v2\/pages"}],"about":[{"href":"https:\/\/myrhotels.com\/fr\/wp-json\/wp\/v2\/types\/page"}],"author":[{"embeddable":true,"href":"https:\/\/myrhotels.com\/fr\/wp-json\/wp\/v2\/users\/2"}],"replies":[{"embeddable":true,"href":"https:\/\/myrhotels.com\/fr\/wp-json\/wp\/v2\/comments?post=8665"}],"version-history":[{"count":7,"href":"https:\/\/myrhotels.com\/fr\/wp-json\/wp\/v2\/pages\/8665\/revisions"}],"predecessor-version":[{"id":12475,"href":"https:\/\/myrhotels.com\/fr\/wp-json\/wp\/v2\/pages\/8665\/revisions\/12475"}],"wp:attachment":[{"href":"https:\/\/myrhotels.com\/fr\/wp-json\/wp\/v2\/media?parent=8665"}],"curies":[{"name":"wp","href":"https:\/\/api.w.org\/{rel}","templated":true}]}}