{"id":8478,"date":"2025-10-06T22:14:59","date_gmt":"2025-10-06T22:14:59","guid":{"rendered":"https:\/\/myrhotels.com\/mentions-legales\/"},"modified":"2026-04-01T21:05:55","modified_gmt":"2026-04-01T21:05:55","slug":"mentions-legales","status":"publish","type":"page","link":"https:\/\/myrhotels.com\/fr\/mentions-legales\/","title":{"rendered":"Mentions l\u00e9gales"},"content":{"rendered":"\t\t<div data-elementor-type=\"wp-page\" data-elementor-id=\"8478\" class=\"elementor elementor-8478 elementor-2647\" data-elementor-post-type=\"page\">\n\t\t\t\t<div class=\"elementor-element elementor-element-48e58c9 e-con-full e-flex e-con e-parent\" data-id=\"48e58c9\" data-element_type=\"container\" data-e-type=\"container\" data-settings=\"{&quot;background_background&quot;:&quot;classic&quot;}\">\n\t\t<div class=\"elementor-element elementor-element-edaf8c9 e-flex e-con-boxed e-con e-child\" data-id=\"edaf8c9\" data-element_type=\"container\" data-e-type=\"container\">\n\t\t\t\t\t<div class=\"e-con-inner\">\n\t\t\t\t<div class=\"elementor-element elementor-element-509c2bf elementor-widget elementor-widget-heading\" data-id=\"509c2bf\" data-element_type=\"widget\" data-e-type=\"widget\" data-widget_type=\"heading.default\">\n\t\t\t\t\t<h1 class=\"elementor-heading-title elementor-size-default\">Mentions l\u00e9gales<\/h1>\t\t\t\t<\/div>\n\t\t\t\t\t<\/div>\n\t\t\t\t<\/div>\n\t\t\t\t<\/div>\n\t\t<div class=\"elementor-element elementor-element-c622225 e-flex e-con-boxed e-con e-parent\" data-id=\"c622225\" data-element_type=\"container\" data-e-type=\"container\" data-settings=\"{&quot;background_background&quot;:&quot;classic&quot;}\">\n\t\t\t\t\t<div class=\"e-con-inner\">\n\t\t\t\t<div class=\"elementor-element elementor-element-8f1cc8e elementor-widget elementor-widget-heading\" data-id=\"8f1cc8e\" data-element_type=\"widget\" data-e-type=\"widget\" data-widget_type=\"heading.default\">\n\t\t\t\t\t<h2 class=\"elementor-heading-title elementor-size-default\">Propri\u00e9t\u00e9 intellectuelle et industrielle<\/h2>\t\t\t\t<\/div>\n\t\t\t\t<div class=\"elementor-element elementor-element-54bc4bd elementor-widget elementor-widget-text-editor\" data-id=\"54bc4bd\" data-element_type=\"widget\" data-e-type=\"widget\" data-widget_type=\"text-editor.default\">\n\t\t\t\t\t\t\t\t\t<p>MYR HOTELS se r\u00e9serve tous les droits. Ce site web et les contenus qui y sont inclus, \u00e0 titre non limitatif, articles, textes, images, logos, marques, boutons, fichiers de logiciels, slogans, designs, programmes informatiques et leurs \u00e9l\u00e9ments (code source, interfaces, applications\u2026), structure, design, noms commerciaux, marques, dessins industriels et tous autres signes, etc., susceptibles d\u2019usage industriel et commercial sont soumis et prot\u00e9g\u00e9s par la loi sur les droits de propri\u00e9t\u00e9 intellectuelle et industrielle en propri\u00e9t\u00e9 intellectuelle et sont la propri\u00e9t\u00e9 de MYR HOTELS ou de tiers. Titulaires de ceux-ci qui ont autoris\u00e9 MYR HOTELS \u00e0 les utiliser sur le site web.  <\/p>\t\t\t\t\t\t\t\t<\/div>\n\t\t\t\t<div class=\"elementor-element elementor-element-b8e0d3d elementor-widget elementor-widget-text-editor\" data-id=\"b8e0d3d\" data-element_type=\"widget\" data-e-type=\"widget\" data-widget_type=\"text-editor.default\">\n\t\t\t\t\t\t\t\t\t<p>Toute forme d\u2019exploitation (reproduction, copie, distribution, modification, transformation, retrait et manipulation) de ce site web est express\u00e9ment interdite sans l\u2019autorisation expresse pr\u00e9alable de MYR HOTELS. En aucun cas, il ne doit \u00eatre interpr\u00e9t\u00e9 qu\u2019une licence a \u00e9t\u00e9 accord\u00e9e ou que ces droits ont \u00e9t\u00e9 renonc\u00e9s, transf\u00e9r\u00e9s, lou\u00e9s totalement ou partiellement, et qu\u2019aucun droit ou attente d\u2019un droit n\u2019a \u00e9t\u00e9 accord\u00e9 pour modifier, exploiter, reproduire, distribuer ou communiquer publiquement ce contenu sans l\u2019autorisation expresse pr\u00e9alable de MYR HOTELS ou des titulaires des droits d\u2019auteur correspondants. L\u2019existence d\u2019hyperliens sur des sites web de tiers n\u2019implique en aucun cas l\u2019existence de relations commerciales ou commerciales avec le titulaire de la page web qui h\u00e9berge l\u2019hyperlien, ni l\u2019acceptation par MYR HOTELS de ses contenus ou services.  <\/p>\t\t\t\t\t\t\t\t<\/div>\n\t\t\t\t<div class=\"elementor-element elementor-element-4b73835 elementor-widget elementor-widget-text-editor\" data-id=\"4b73835\" data-element_type=\"widget\" data-e-type=\"widget\" data-widget_type=\"text-editor.default\">\n\t\t\t\t\t\t\t\t\t<p>L\u2019acc\u00e8s \u00e0 ce site web n\u2019implique en aucun cas l\u2019acquisition ni aucun droit de propri\u00e9t\u00e9 sur les contenus par les utilisateurs. MYR HOTELS ne se responsabilise pas des \u00e9ventuelles violations des droits de propri\u00e9t\u00e9 intellectuelle et\/ou de propri\u00e9t\u00e9 industrielle de tiers caus\u00e9es par le contenu des articles et contributions mentionn\u00e9s dans le paragraphe pr\u00e9c\u00e9dent. MYR HOTELS ne se responsabilise pas des dommages ou pr\u00e9judices caus\u00e9s aux personnes et\/ou aux biens qui sont \u00e0 l\u2019origine des m\u00e9thodes, th\u00e9ories, id\u00e9es, opinions, instructions ou recommandations exprim\u00e9es dans ces articles et contributions.  <\/p>\t\t\t\t\t\t\t\t<\/div>\n\t\t\t\t<div class=\"elementor-element elementor-element-9b1b91c elementor-widget elementor-widget-heading\" data-id=\"9b1b91c\" data-element_type=\"widget\" data-e-type=\"widget\" data-widget_type=\"heading.default\">\n\t\t\t\t\t<h2 class=\"elementor-heading-title elementor-size-default\">Limitation de responsabilit\u00e9<\/h2>\t\t\t\t<\/div>\n\t\t\t\t<div class=\"elementor-element elementor-element-f0cf2f5 elementor-widget elementor-widget-text-editor\" data-id=\"f0cf2f5\" data-element_type=\"widget\" data-e-type=\"widget\" data-widget_type=\"text-editor.default\">\n\t\t\t\t\t\t\t\t\t<p>MYR HOTELS se r\u00e9serve le droit d\u2019interrompre l\u2019acc\u00e8s \u00e0 son site web, ainsi que la prestation de tout service \u00e0 travers celui-ci \u00e0 tout moment et sans pr\u00e9avis, que ce soit pour des motifs techniques, de s\u00e9curit\u00e9, de maintenance ou toute autre cause. MYR HOTELS ne sera pas responsable en cas d\u2019interruption du service, de retard ou de mauvais fonctionnement et autres probl\u00e8mes qui ont leur origine dans des causes \u00e9trang\u00e8res \u00e0 MYR HOTELS. Les informations contenues sur ce site web peuvent ne pas \u00eatre correctes, malgr\u00e9 les efforts d\u00e9ploy\u00e9s pour assurer leur pr\u00e9cision et leur mise \u00e0 jour. En cons\u00e9quence, MYR HOTELS ne se fait pas responsable des erreurs de contenu ou des dommages d\u00e9riv\u00e9s de son utilisation. Ce site web peut contenir des liens vers d\u2019autres sites web dont le contenu, l\u2019utilit\u00e9 ou l\u2019exactitude ne peuvent \u00eatre imput\u00e9s \u00e0 MYR HOTELS. L\u2019incorporation d\u2019un lien sur ce site web ne peut \u00eatre consid\u00e9r\u00e9e comme une recommandation aux utilisateurs pour proc\u00e9der \u00e0 son utilisation, la d\u00e9cision de les utiliser est la responsabilit\u00e9 de ces derniers.   <\/p>\t\t\t\t\t\t\t\t<\/div>\n\t\t\t\t<div class=\"elementor-element elementor-element-e1ccff7 elementor-widget elementor-widget-text-editor\" data-id=\"e1ccff7\" data-element_type=\"widget\" data-e-type=\"widget\" data-widget_type=\"text-editor.default\">\n\t\t\t\t\t\t\t\t\t<p>MYR HOTELS ne se responsabilise pas des dommages et pr\u00e9judices d\u00e9riv\u00e9s de l\u2019utilisation de ce site web ou de ses contenus, ne garantissant pas l\u2019absence de virus ou l\u2019impossibilit\u00e9 de causer des dommages aux syst\u00e8mes informatiques de l\u2019utilisateur. MYR HOTELS ne se responsabilise pas de la mauvaise utilisation qui pourrait \u00eatre faite de ce site web. <\/p>\t\t\t\t\t\t\t\t<\/div>\n\t\t\t\t<div class=\"elementor-element elementor-element-c88f42a elementor-widget elementor-widget-heading\" data-id=\"c88f42a\" data-element_type=\"widget\" data-e-type=\"widget\" data-widget_type=\"heading.default\">\n\t\t\t\t\t<h2 class=\"elementor-heading-title elementor-size-default\">Loi et juridiction applicable<\/h2>\t\t\t\t<\/div>\n\t\t\t\t<div class=\"elementor-element elementor-element-26038a7 elementor-widget elementor-widget-text-editor\" data-id=\"26038a7\" data-element_type=\"widget\" data-e-type=\"widget\" data-widget_type=\"text-editor.default\">\n\t\t\t\t\t\t\t\t\t<p>Ce site web, propri\u00e9t\u00e9 de EXPLOTACIONES TUR\u00cdSTICAS 2021 S.L.U., est r\u00e9gi conform\u00e9ment \u00e0 la loi espagnole, de sorte que pour la r\u00e9solution de toute controverse qui pourrait survenir avec les utilisateurs, concernant les conditions d\u2019utilisation et toute autre r\u00e9clamation li\u00e9e aux contenus et services de la page web, sera r\u00e9solue par les Juges et Tribunaux de Valence, et sera interpr\u00e9t\u00e9e conform\u00e9ment \u00e0 la loi espagnole, les parties renon\u00e7ant express\u00e9ment \u00e0 leur propre juridiction ou \u00e0 toute autre qui pourrait leur correspondre.<\/p>\t\t\t\t\t\t\t\t<\/div>\n\t\t\t\t\t<\/div>\n\t\t\t\t<\/div>\n\t\t\t\t<\/div>\n\t\t","protected":false},"excerpt":{"rendered":"<p>Mentions l\u00e9gales Propri\u00e9t\u00e9 intellectuelle et industrielle MYR HOTELS se r\u00e9serve tous les droits. Ce site web et les contenus qui y sont inclus, \u00e0 titre non limitatif, articles, textes, images, logos, marques, boutons, fichiers de logiciels, slogans, designs, programmes informatiques et leurs \u00e9l\u00e9ments (code source, interfaces, applications\u2026), structure, design, noms commerciaux, marques, dessins industriels et [&hellip;]<\/p>\n","protected":false},"author":2,"featured_media":0,"parent":0,"menu_order":0,"comment_status":"closed","ping_status":"closed","template":"","meta":{"_acf_changed":false,"footnotes":""},"class_list":["post-8478","page","type-page","status-publish","hentry"],"acf":[],"yoast_head":"<!-- This site is optimized with the Yoast SEO plugin v27.3 - https:\/\/yoast.com\/product\/yoast-seo-wordpress\/ -->\n<title>Mentions l\u00e9gales - MYR Hotels<\/title>\n<meta name=\"description\" content=\"Consultez les informations l\u00e9gales de MYR Hotels.\" \/>\n<meta name=\"robots\" content=\"index, follow, max-snippet:-1, max-image-preview:large, max-video-preview:-1\" \/>\n<link rel=\"canonical\" href=\"https:\/\/myrhotels.com\/fr\/mentions-legales\/\" \/>\n<meta property=\"og:locale\" content=\"fr_FR\" \/>\n<meta property=\"og:type\" content=\"article\" \/>\n<meta property=\"og:title\" content=\"Mentions l\u00e9gales - MYR Hotels\" \/>\n<meta property=\"og:description\" content=\"Consultez les informations l\u00e9gales de MYR Hotels.\" \/>\n<meta property=\"og:url\" content=\"https:\/\/myrhotels.com\/fr\/mentions-legales\/\" \/>\n<meta property=\"og:site_name\" content=\"MYR Hotels\" \/>\n<meta property=\"article:modified_time\" content=\"2026-04-01T21:05:55+00:00\" \/>\n<meta name=\"twitter:card\" content=\"summary_large_image\" \/>\n<meta name=\"twitter:label1\" content=\"Dur\u00e9e de lecture estim\u00e9e\" \/>\n\t<meta name=\"twitter:data1\" content=\"4 minutes\" \/>\n<script type=\"application\/ld+json\" class=\"yoast-schema-graph\">{\"@context\":\"https:\\\/\\\/schema.org\",\"@graph\":[{\"@type\":\"WebPage\",\"@id\":\"https:\\\/\\\/myrhotels.com\\\/fr\\\/mentions-legales\\\/\",\"url\":\"https:\\\/\\\/myrhotels.com\\\/fr\\\/mentions-legales\\\/\",\"name\":\"Mentions l\u00e9gales - MYR Hotels\",\"isPartOf\":{\"@id\":\"https:\\\/\\\/myrhotels.com\\\/fr\\\/#website\"},\"datePublished\":\"2025-10-06T22:14:59+00:00\",\"dateModified\":\"2026-04-01T21:05:55+00:00\",\"description\":\"Consultez les informations l\u00e9gales de MYR Hotels.\",\"breadcrumb\":{\"@id\":\"https:\\\/\\\/myrhotels.com\\\/fr\\\/mentions-legales\\\/#breadcrumb\"},\"inLanguage\":\"fr-FR\",\"potentialAction\":[{\"@type\":\"ReadAction\",\"target\":[\"https:\\\/\\\/myrhotels.com\\\/fr\\\/mentions-legales\\\/\"]}]},{\"@type\":\"BreadcrumbList\",\"@id\":\"https:\\\/\\\/myrhotels.com\\\/fr\\\/mentions-legales\\\/#breadcrumb\",\"itemListElement\":[{\"@type\":\"ListItem\",\"position\":1,\"name\":\"Portada\",\"item\":\"https:\\\/\\\/myrhotels.com\\\/fr\\\/\"},{\"@type\":\"ListItem\",\"position\":2,\"name\":\"Mentions l\u00e9gales\"}]},{\"@type\":\"WebSite\",\"@id\":\"https:\\\/\\\/myrhotels.com\\\/fr\\\/#website\",\"url\":\"https:\\\/\\\/myrhotels.com\\\/fr\\\/\",\"name\":\"MYR Hotels\",\"description\":\"Hoteles boutique en Valencia con restaurantes y rooftops exclusivos\",\"publisher\":{\"@id\":\"https:\\\/\\\/myrhotels.com\\\/fr\\\/#organization\"},\"potentialAction\":[{\"@type\":\"SearchAction\",\"target\":{\"@type\":\"EntryPoint\",\"urlTemplate\":\"https:\\\/\\\/myrhotels.com\\\/fr\\\/?s={search_term_string}\"},\"query-input\":{\"@type\":\"PropertyValueSpecification\",\"valueRequired\":true,\"valueName\":\"search_term_string\"}}],\"inLanguage\":\"fr-FR\"},{\"@type\":\"Organization\",\"@id\":\"https:\\\/\\\/myrhotels.com\\\/fr\\\/#organization\",\"name\":\"MYR Hotels\",\"url\":\"https:\\\/\\\/myrhotels.com\\\/fr\\\/\",\"logo\":{\"@type\":\"ImageObject\",\"inLanguage\":\"fr-FR\",\"@id\":\"https:\\\/\\\/myrhotels.com\\\/fr\\\/#\\\/schema\\\/logo\\\/image\\\/\",\"url\":\"https:\\\/\\\/myrhotels.com\\\/wp-content\\\/uploads\\\/2025\\\/08\\\/logo-black.svg\",\"contentUrl\":\"https:\\\/\\\/myrhotels.com\\\/wp-content\\\/uploads\\\/2025\\\/08\\\/logo-black.svg\",\"width\":90,\"height\":40,\"caption\":\"MYR Hotels\"},\"image\":{\"@id\":\"https:\\\/\\\/myrhotels.com\\\/fr\\\/#\\\/schema\\\/logo\\\/image\\\/\"}}]}<\/script>\n<!-- \/ Yoast SEO plugin. -->","yoast_head_json":{"title":"Mentions l\u00e9gales - MYR Hotels","description":"Consultez les informations l\u00e9gales de MYR Hotels.","robots":{"index":"index","follow":"follow","max-snippet":"max-snippet:-1","max-image-preview":"max-image-preview:large","max-video-preview":"max-video-preview:-1"},"canonical":"https:\/\/myrhotels.com\/fr\/mentions-legales\/","og_locale":"fr_FR","og_type":"article","og_title":"Mentions l\u00e9gales - MYR Hotels","og_description":"Consultez les informations l\u00e9gales de MYR Hotels.","og_url":"https:\/\/myrhotels.com\/fr\/mentions-legales\/","og_site_name":"MYR Hotels","article_modified_time":"2026-04-01T21:05:55+00:00","twitter_card":"summary_large_image","twitter_misc":{"Dur\u00e9e de lecture estim\u00e9e":"4 minutes"},"schema":{"@context":"https:\/\/schema.org","@graph":[{"@type":"WebPage","@id":"https:\/\/myrhotels.com\/fr\/mentions-legales\/","url":"https:\/\/myrhotels.com\/fr\/mentions-legales\/","name":"Mentions l\u00e9gales - MYR Hotels","isPartOf":{"@id":"https:\/\/myrhotels.com\/fr\/#website"},"datePublished":"2025-10-06T22:14:59+00:00","dateModified":"2026-04-01T21:05:55+00:00","description":"Consultez les informations l\u00e9gales de MYR Hotels.","breadcrumb":{"@id":"https:\/\/myrhotels.com\/fr\/mentions-legales\/#breadcrumb"},"inLanguage":"fr-FR","potentialAction":[{"@type":"ReadAction","target":["https:\/\/myrhotels.com\/fr\/mentions-legales\/"]}]},{"@type":"BreadcrumbList","@id":"https:\/\/myrhotels.com\/fr\/mentions-legales\/#breadcrumb","itemListElement":[{"@type":"ListItem","position":1,"name":"Portada","item":"https:\/\/myrhotels.com\/fr\/"},{"@type":"ListItem","position":2,"name":"Mentions l\u00e9gales"}]},{"@type":"WebSite","@id":"https:\/\/myrhotels.com\/fr\/#website","url":"https:\/\/myrhotels.com\/fr\/","name":"MYR Hotels","description":"Hoteles boutique en Valencia con restaurantes y rooftops exclusivos","publisher":{"@id":"https:\/\/myrhotels.com\/fr\/#organization"},"potentialAction":[{"@type":"SearchAction","target":{"@type":"EntryPoint","urlTemplate":"https:\/\/myrhotels.com\/fr\/?s={search_term_string}"},"query-input":{"@type":"PropertyValueSpecification","valueRequired":true,"valueName":"search_term_string"}}],"inLanguage":"fr-FR"},{"@type":"Organization","@id":"https:\/\/myrhotels.com\/fr\/#organization","name":"MYR Hotels","url":"https:\/\/myrhotels.com\/fr\/","logo":{"@type":"ImageObject","inLanguage":"fr-FR","@id":"https:\/\/myrhotels.com\/fr\/#\/schema\/logo\/image\/","url":"https:\/\/myrhotels.com\/wp-content\/uploads\/2025\/08\/logo-black.svg","contentUrl":"https:\/\/myrhotels.com\/wp-content\/uploads\/2025\/08\/logo-black.svg","width":90,"height":40,"caption":"MYR Hotels"},"image":{"@id":"https:\/\/myrhotels.com\/fr\/#\/schema\/logo\/image\/"}}]}},"_links":{"self":[{"href":"https:\/\/myrhotels.com\/fr\/wp-json\/wp\/v2\/pages\/8478","targetHints":{"allow":["GET"]}}],"collection":[{"href":"https:\/\/myrhotels.com\/fr\/wp-json\/wp\/v2\/pages"}],"about":[{"href":"https:\/\/myrhotels.com\/fr\/wp-json\/wp\/v2\/types\/page"}],"author":[{"embeddable":true,"href":"https:\/\/myrhotels.com\/fr\/wp-json\/wp\/v2\/users\/2"}],"replies":[{"embeddable":true,"href":"https:\/\/myrhotels.com\/fr\/wp-json\/wp\/v2\/comments?post=8478"}],"version-history":[{"count":1,"href":"https:\/\/myrhotels.com\/fr\/wp-json\/wp\/v2\/pages\/8478\/revisions"}],"predecessor-version":[{"id":8479,"href":"https:\/\/myrhotels.com\/fr\/wp-json\/wp\/v2\/pages\/8478\/revisions\/8479"}],"wp:attachment":[{"href":"https:\/\/myrhotels.com\/fr\/wp-json\/wp\/v2\/media?parent=8478"}],"curies":[{"name":"wp","href":"https:\/\/api.w.org\/{rel}","templated":true}]}}