{"id":9851,"date":"2025-10-07T03:37:02","date_gmt":"2025-10-07T03:37:02","guid":{"rendered":"https:\/\/myrhotels.com\/cookie-richtlinie\/"},"modified":"2026-04-01T23:27:50","modified_gmt":"2026-04-01T23:27:50","slug":"cookie-richtlinie","status":"publish","type":"page","link":"https:\/\/myrhotels.com\/de\/cookie-richtlinie\/","title":{"rendered":"Cookie-Richtlinie"},"content":{"rendered":"\t\t<div data-elementor-type=\"wp-page\" data-elementor-id=\"9851\" class=\"elementor elementor-9851 elementor-2695\" data-elementor-post-type=\"page\">\n\t\t\t\t<div class=\"elementor-element elementor-element-48e58c9 e-con-full e-flex e-con e-parent\" data-id=\"48e58c9\" data-element_type=\"container\" data-e-type=\"container\" data-settings=\"{&quot;background_background&quot;:&quot;classic&quot;}\">\n\t\t<div class=\"elementor-element elementor-element-edaf8c9 e-flex e-con-boxed e-con e-child\" data-id=\"edaf8c9\" data-element_type=\"container\" data-e-type=\"container\">\n\t\t\t\t\t<div class=\"e-con-inner\">\n\t\t\t\t<div class=\"elementor-element elementor-element-509c2bf elementor-widget elementor-widget-heading\" data-id=\"509c2bf\" data-element_type=\"widget\" data-e-type=\"widget\" data-widget_type=\"heading.default\">\n\t\t\t\t\t<h1 class=\"elementor-heading-title elementor-size-default\">Cookie-Richtlinie<\/h1>\t\t\t\t<\/div>\n\t\t\t\t\t<\/div>\n\t\t\t\t<\/div>\n\t\t\t\t<\/div>\n\t\t<div class=\"elementor-element elementor-element-c622225 e-flex e-con-boxed e-con e-parent\" data-id=\"c622225\" data-element_type=\"container\" data-e-type=\"container\" data-settings=\"{&quot;background_background&quot;:&quot;classic&quot;}\">\n\t\t\t\t\t<div class=\"e-con-inner\">\n\t\t\t\t<div class=\"elementor-element elementor-element-0803e86 elementor-widget elementor-widget-text-editor\" data-id=\"0803e86\" data-element_type=\"widget\" data-e-type=\"widget\" data-widget_type=\"text-editor.default\">\n\t\t\t\t\t\t\t\t\t<p><em>Diese Cookie-Richtlinie wurde zuletzt am 18.06.2025 aktualisiert und gilt f\u00fcr B\u00fcrger und dauerhaft rechtm\u00e4\u00dfig ans\u00e4ssige Einwohner des Europ\u00e4ischen Wirtschaftsraums und der Schweiz.<\/em><\/p>\t\t\t\t\t\t\t\t<\/div>\n\t\t\t\t<div class=\"elementor-element elementor-element-8f1cc8e elementor-widget elementor-widget-heading\" data-id=\"8f1cc8e\" data-element_type=\"widget\" data-e-type=\"widget\" data-widget_type=\"heading.default\">\n\t\t\t\t\t<h2 class=\"elementor-heading-title elementor-size-default\">1. Einf\u00fchrung<\/h2>\t\t\t\t<\/div>\n\t\t\t\t<div class=\"elementor-element elementor-element-54bc4bd elementor-widget elementor-widget-text-editor\" data-id=\"54bc4bd\" data-element_type=\"widget\" data-e-type=\"widget\" data-widget_type=\"text-editor.default\">\n\t\t\t\t\t\t\t\t\t<p>Unsere Website, <a href=\"https:\/\/myrhotels.com\">https:\/\/myrhotels.com<\/a> (im Folgenden: &#8218;die Website&#8216;), verwendet Cookies und andere verwandte Technologien (zur Vereinfachung werden hier alle Technologien als &#8218;Cookies&#8216; bezeichnet). Cookies werden auch von Dritten gesetzt, die wir beauftragt haben. Im folgenden Dokument informieren wir Sie \u00fcber die Verwendung von Cookies auf unserer Website.  <\/p>\t\t\t\t\t\t\t\t<\/div>\n\t\t\t\t<div class=\"elementor-element elementor-element-9fa5b94 elementor-widget elementor-widget-heading\" data-id=\"9fa5b94\" data-element_type=\"widget\" data-e-type=\"widget\" data-widget_type=\"heading.default\">\n\t\t\t\t\t<h2 class=\"elementor-heading-title elementor-size-default\">2. Was sind Cookies?<\/h2>\t\t\t\t<\/div>\n\t\t\t\t<div class=\"elementor-element elementor-element-b8e0d3d elementor-widget elementor-widget-text-editor\" data-id=\"b8e0d3d\" data-element_type=\"widget\" data-e-type=\"widget\" data-widget_type=\"text-editor.default\">\n\t\t\t\t\t\t\t\t\t<p>Ein Cookie ist eine kleine Datei, die zusammen mit den Seiten dieser Website gesendet wird und die Ihr Browser auf der Festplatte Ihres Computers oder eines anderen Ger\u00e4ts speichert. Die gespeicherten Informationen k\u00f6nnen bei einem sp\u00e4teren Besuch an unsere Server oder an die entsprechenden Server Dritter zur\u00fcckgesendet werden. <\/p>\t\t\t\t\t\t\t\t<\/div>\n\t\t\t\t<div class=\"elementor-element elementor-element-7d04860 elementor-widget elementor-widget-heading\" data-id=\"7d04860\" data-element_type=\"widget\" data-e-type=\"widget\" data-widget_type=\"heading.default\">\n\t\t\t\t\t<h2 class=\"elementor-heading-title elementor-size-default\">3. Was sind Skripte?<\/h2>\t\t\t\t<\/div>\n\t\t\t\t<div class=\"elementor-element elementor-element-1414bda elementor-widget elementor-widget-text-editor\" data-id=\"1414bda\" data-element_type=\"widget\" data-e-type=\"widget\" data-widget_type=\"text-editor.default\">\n\t\t\t\t\t\t\t\t\t<p>Ein Skript ist ein Programmcode-Schnipsel, der verwendet wird, damit unsere Website korrekt und interaktiv funktioniert. Dieser Code wird auf unserem Server oder auf Ihrem Ger\u00e4t ausgef\u00fchrt. <\/p>\t\t\t\t\t\t\t\t<\/div>\n\t\t\t\t<div class=\"elementor-element elementor-element-4c1178b elementor-widget elementor-widget-heading\" data-id=\"4c1178b\" data-element_type=\"widget\" data-e-type=\"widget\" data-widget_type=\"heading.default\">\n\t\t\t\t\t<h2 class=\"elementor-heading-title elementor-size-default\">4. Was ist eine Web-Balise?<\/h2>\t\t\t\t<\/div>\n\t\t\t\t<div class=\"elementor-element elementor-element-42b98a7 elementor-widget elementor-widget-text-editor\" data-id=\"42b98a7\" data-element_type=\"widget\" data-e-type=\"widget\" data-widget_type=\"text-editor.default\">\n\t\t\t\t\t\t\t\t\t<p>Eine Web-Balise (oder ein Pixel-Tag) ist ein kleines, unsichtbares Text- oder Bildst\u00fcck auf einer Website, das verwendet wird, um den Traffic auf einer Website zu \u00fcberwachen. Dabei werden mit diesen Web-Balisen verschiedene Daten \u00fcber Sie gespeichert. <\/p>\t\t\t\t\t\t\t\t<\/div>\n\t\t\t\t<div class=\"elementor-element elementor-element-5eaaa6e elementor-widget elementor-widget-heading\" data-id=\"5eaaa6e\" data-element_type=\"widget\" data-e-type=\"widget\" data-widget_type=\"heading.default\">\n\t\t\t\t\t<h2 class=\"elementor-heading-title elementor-size-default\">5. Cookies<\/h2>\t\t\t\t<\/div>\n\t\t\t\t<div class=\"elementor-element elementor-element-440d57a elementor-widget elementor-widget-heading\" data-id=\"440d57a\" data-element_type=\"widget\" data-e-type=\"widget\" data-widget_type=\"heading.default\">\n\t\t\t\t\t<h2 class=\"elementor-heading-title elementor-size-default\">5.1 Technische oder funktionale Cookies<\/h2>\t\t\t\t<\/div>\n\t\t\t\t<div class=\"elementor-element elementor-element-1cbe6c7 elementor-widget elementor-widget-text-editor\" data-id=\"1cbe6c7\" data-element_type=\"widget\" data-e-type=\"widget\" data-widget_type=\"text-editor.default\">\n\t\t\t\t\t\t\t\t\t<p>Einige Cookies sorgen daf\u00fcr, dass bestimmte Teile der Website richtig funktionieren und dass Ihre Benutzerpr\u00e4ferenzen weiterhin gespeichert werden. Durch das Setzen funktionaler Cookies erleichtern wir Ihnen den Besuch unserer Website. So m\u00fcssen Sie bei einem erneuten Besuch nicht wiederholt dieselben Angaben machen und zum Beispiel bleiben Artikel in Ihrem Warenkorb, bis Sie bezahlt haben. Wir k\u00f6nnen diese Cookies ohne Ihre Einwilligung setzen.   <\/p>\t\t\t\t\t\t\t\t<\/div>\n\t\t\t\t<div class=\"elementor-element elementor-element-9a32095 elementor-widget elementor-widget-heading\" data-id=\"9a32095\" data-element_type=\"widget\" data-e-type=\"widget\" data-widget_type=\"heading.default\">\n\t\t\t\t\t<h2 class=\"elementor-heading-title elementor-size-default\">5.2 Statistik-Cookies<\/h2>\t\t\t\t<\/div>\n\t\t\t\t<div class=\"elementor-element elementor-element-88da40a elementor-widget elementor-widget-text-editor\" data-id=\"88da40a\" data-element_type=\"widget\" data-e-type=\"widget\" data-widget_type=\"text-editor.default\">\n\t\t\t\t\t\t\t\t\t<p>Wir verwenden Statistik-Cookies, um die Nutzungserfahrung unserer Website f\u00fcr die Nutzer zu optimieren. Mit diesen Statistik-Cookies erhalten wir Informationen \u00fcber die Nutzung unserer Website. Wir bitten Sie um Ihre Zustimmung, Statistik-Cookies zu setzen.  <\/p>\t\t\t\t\t\t\t\t<\/div>\n\t\t\t\t<div class=\"elementor-element elementor-element-e6bfd94 elementor-widget elementor-widget-heading\" data-id=\"e6bfd94\" data-element_type=\"widget\" data-e-type=\"widget\" data-widget_type=\"heading.default\">\n\t\t\t\t\t<h2 class=\"elementor-heading-title elementor-size-default\">5.3 Marketing-\/Tracking-Cookies<\/h2>\t\t\t\t<\/div>\n\t\t\t\t<div class=\"elementor-element elementor-element-4b73835 elementor-widget elementor-widget-text-editor\" data-id=\"4b73835\" data-element_type=\"widget\" data-e-type=\"widget\" data-widget_type=\"text-editor.default\">\n\t\t\t\t\t\t\t\t\t<p>Marketing-\/Tracking-Cookies sind Cookies oder jede andere Form lokaler Speicherung, die verwendet werden, um Benutzerprofile zu erstellen, um Werbung anzuzeigen oder um Nutzer auf dieser Website oder auf mehreren Websites zu Marketingzwecken nachzuverfolgen.<\/p>\t\t\t\t\t\t\t\t<\/div>\n\t\t\t\t<div class=\"elementor-element elementor-element-cadea54 elementor-widget elementor-widget-heading\" data-id=\"cadea54\" data-element_type=\"widget\" data-e-type=\"widget\" data-widget_type=\"heading.default\">\n\t\t\t\t\t<h2 class=\"elementor-heading-title elementor-size-default\">5.4 Soziale Netzwerke<\/h2>\t\t\t\t<\/div>\n\t\t\t\t<div class=\"elementor-element elementor-element-e442e6f elementor-widget elementor-widget-text-editor\" data-id=\"e442e6f\" data-element_type=\"widget\" data-e-type=\"widget\" data-widget_type=\"text-editor.default\">\n\t\t\t\t\t\t\t\t\t<p>Auf unserer Website haben wir Inhalte von Facebook, LinkedIn, WhatsApp, Instagram und TikTok eingebunden, um Webseiten zu bewerben (z. B. &#8218;Gef\u00e4llt mir&#8216;, &#8218;Pin&#8216;) oder Inhalte zu teilen (z. B. &#8218;twittern&#8216;) in sozialen Netzwerken wie Facebook, LinkedIn, WhatsApp, Instagram und TikTok. Diese Inhalte sind mit Code von Facebook, LinkedIn, WhatsApp, Instagram und TikTok eingebettet und speichern Cookies. Diese Inhalte k\u00f6nnten bestimmte Informationen f\u00fcr personalisierte Werbung verarbeiten.  <\/p>\t\t\t\t\t\t\t\t<\/div>\n\t\t\t\t<div class=\"elementor-element elementor-element-6dc8d86 elementor-widget elementor-widget-text-editor\" data-id=\"6dc8d86\" data-element_type=\"widget\" data-e-type=\"widget\" data-widget_type=\"text-editor.default\">\n\t\t\t\t\t\t\t\t\t<p>Bitte lesen Sie die Datenschutzrichtlinien dieser sozialen Netzwerke (die sich h\u00e4ufig \u00e4ndern k\u00f6nnen), um zu erfahren, was sie mit den (personenbezogenen) Daten tun, die sie mithilfe dieser Cookies verarbeiten. Die Daten, die sie erhalten, werden soweit wie m\u00f6glich anonymisiert. Facebook, LinkedIn, WhatsApp, Instagram und TikTok haben ihren Sitz in den Vereinigten Staaten.  <\/p>\t\t\t\t\t\t\t\t<\/div>\n\t\t\t\t<div class=\"elementor-element elementor-element-9b1b91c elementor-widget elementor-widget-heading\" data-id=\"9b1b91c\" data-element_type=\"widget\" data-e-type=\"widget\" data-widget_type=\"heading.default\">\n\t\t\t\t\t<h2 class=\"elementor-heading-title elementor-size-default\">7. Einwilligung<\/h2>\t\t\t\t<\/div>\n\t\t\t\t<div class=\"elementor-element elementor-element-f0cf2f5 elementor-widget elementor-widget-text-editor\" data-id=\"f0cf2f5\" data-element_type=\"widget\" data-e-type=\"widget\" data-widget_type=\"text-editor.default\">\n\t\t\t\t\t\t\t\t\t<p>Wenn du unsere Website zum ersten Mal besuchst, zeigen wir dir ein Pop-up mit einer Erkl\u00e4rung zu Cookies. Sobald du auf \u00abEinstellungen speichern\u00bb klickst, stimmst du zu, dass wir die im Pop-up ausgew\u00e4hlten Cookie- und Plugin-Kategorien verwenden, wie in dieser Cookie-Richtlinie beschrieben. Du kannst die Verwendung von Cookies \u00fcber deinen Browser deaktivieren, aber bitte beachte, dass unsere Website dann m\u00f6glicherweise nicht mehr richtig funktioniert.  <\/p>\t\t\t\t\t\t\t\t<\/div>\n\t\t\t\t<div class=\"elementor-element elementor-element-5dbe080 elementor-widget elementor-widget-heading\" data-id=\"5dbe080\" data-element_type=\"widget\" data-e-type=\"widget\" data-widget_type=\"heading.default\">\n\t\t\t\t\t<h2 class=\"elementor-heading-title elementor-size-default\">7.1 Verwalte deine Einwilligungseinstellungen<\/h2>\t\t\t\t<\/div>\n\t\t\t\t<div class=\"elementor-element elementor-element-e1ccff7 elementor-widget elementor-widget-text-editor\" data-id=\"e1ccff7\" data-element_type=\"widget\" data-e-type=\"widget\" data-widget_type=\"text-editor.default\">\n\t\t\t\t\t\t\t\t\t<p>Wir haben ein Datenschutzsignal von deinem Browser erhalten. Aus diesem Grund haben wir deine Datenschutzeinstellungen auf dieser Website auf das unbedingt Notwendige gesetzt. Wenn du die volle Funktionalit\u00e4t nutzen m\u00f6chtest, erw\u00e4ge bitte, https:\/\/myrhotels.com in deinen Datenschutzeinstellungen auszuschlie\u00dfen.  <\/p>\t\t\t\t\t\t\t\t<\/div>\n\t\t\t\t<div class=\"elementor-element elementor-element-c88f42a elementor-widget elementor-widget-heading\" data-id=\"c88f42a\" data-element_type=\"widget\" data-e-type=\"widget\" data-widget_type=\"heading.default\">\n\t\t\t\t\t<h2 class=\"elementor-heading-title elementor-size-default\">8. Aktivierung\/Deaktivierung und L\u00f6schung von Cookies<\/h2>\t\t\t\t<\/div>\n\t\t\t\t<div class=\"elementor-element elementor-element-26038a7 elementor-widget elementor-widget-text-editor\" data-id=\"26038a7\" data-element_type=\"widget\" data-e-type=\"widget\" data-widget_type=\"text-editor.default\">\n\t\t\t\t\t\t\t\t\t<p>Du kannst deinen Internetbrowser nutzen, um Cookies automatisch oder manuell zu l\u00f6schen. Du kannst auch festlegen, dass bestimmte Cookies nicht gesetzt werden d\u00fcrfen. Eine weitere M\u00f6glichkeit ist, die Einstellungen deines Browsers so zu \u00e4ndern, dass du jedes Mal eine Nachricht erh\u00e4ltst, wenn ein Cookie gesetzt wird. Weitere Informationen zu diesen Optionen findest du in der \u201eHilfe\u201c-Sektion deines Browsers.   <\/p>\t\t\t\t\t\t\t\t<\/div>\n\t\t\t\t<div class=\"elementor-element elementor-element-4a38370 elementor-widget elementor-widget-text-editor\" data-id=\"4a38370\" data-element_type=\"widget\" data-e-type=\"widget\" data-widget_type=\"text-editor.default\">\n\t\t\t\t\t\t\t\t\t<p>Bitte beachte, dass unsere Website m\u00f6glicherweise nicht einwandfrei funktioniert, wenn alle Cookies deaktiviert sind. Wenn du die Cookies in deinem Browser l\u00f6schst, werden sie nach deiner Zustimmung wieder gesetzt, wenn du unsere Websites erneut besuchst. <\/p>\t\t\t\t\t\t\t\t<\/div>\n\t\t\t\t<div class=\"elementor-element elementor-element-32ee21c elementor-widget elementor-widget-heading\" data-id=\"32ee21c\" data-element_type=\"widget\" data-e-type=\"widget\" data-widget_type=\"heading.default\">\n\t\t\t\t\t<h2 class=\"elementor-heading-title elementor-size-default\">9. Deine Rechte in Bezug auf personenbezogene Daten<\/h2>\t\t\t\t<\/div>\n\t\t\t\t<div class=\"elementor-element elementor-element-2364321 elementor-widget elementor-widget-text-editor\" data-id=\"2364321\" data-element_type=\"widget\" data-e-type=\"widget\" data-widget_type=\"text-editor.default\">\n\t\t\t\t\t\t\t\t\t<p>Du hast die folgenden Rechte in Bezug auf deine personenbezogenen Daten:<\/p>\t\t\t\t\t\t\t\t<\/div>\n\t\t\t\t<div class=\"elementor-element elementor-element-43955a2 elementor-widget elementor-widget-text-editor\" data-id=\"43955a2\" data-element_type=\"widget\" data-e-type=\"widget\" data-widget_type=\"text-editor.default\">\n\t\t\t\t\t\t\t\t\t<ul><li>Du hast das Recht zu erfahren, warum deine personenbezogenen Daten ben\u00f6tigt werden, was mit ihnen geschieht und wie lange sie aufbewahrt werden.<\/li><li>Auskunftsrecht: Du hast das Recht, auf die von uns gespeicherten personenbezogenen Daten zuzugreifen.<\/li><li>Recht auf Berichtigung: Du hast das Recht, deine personenbezogenen Daten zu erg\u00e4nzen, zu berichtigen, zu l\u00f6schen oder zu sperren, wann immer du m\u00f6chtest.<\/li><li>Wenn du uns deine Einwilligung zur Verarbeitung deiner Daten gegeben hast, hast du das Recht, diese Einwilligung zu widerrufen und die L\u00f6schung deiner personenbezogenen Daten zu verlangen.<\/li><li>Recht auf Daten\u00fcbertragbarkeit: Du hast das Recht, alle deine personenbezogenen Daten beim Verantwortlichen anzufordern und sie vollst\u00e4ndig an einen anderen Verantwortlichen \u00fcbertragen zu lassen.<\/li><li>Widerspruchsrecht: Sie k\u00f6nnen der Verarbeitung Ihrer Daten widersprechen. Wir kommen diesem nach, es sei denn, es bestehen berechtigte Gr\u00fcnde f\u00fcr die Verarbeitung. <br><br><\/li><\/ul>\t\t\t\t\t\t\t\t<\/div>\n\t\t\t\t<div class=\"elementor-element elementor-element-7cd444e elementor-widget elementor-widget-text-editor\" data-id=\"7cd444e\" data-element_type=\"widget\" data-e-type=\"widget\" data-widget_type=\"text-editor.default\">\n\t\t\t\t\t\t\t\t\t<p>Um diese Rechte auszu\u00fcben, kontaktieren Sie uns bitte. Bitte entnehmen Sie die Kontaktdaten dem unteren Teil dieser Cookie-Richtlinie. Wenn Sie eine Beschwerde dar\u00fcber haben, wie wir Ihre Daten verarbeiten, teilen Sie uns dies bitte mit; Sie haben jedoch auch das Recht, eine Beschwerde bei der Aufsichtsbeh\u00f6rde (der Datenschutzbeh\u00f6rde) einzureichen.  <\/p>\t\t\t\t\t\t\t\t<\/div>\n\t\t\t\t<div class=\"elementor-element elementor-element-6f56d8d elementor-widget elementor-widget-heading\" data-id=\"6f56d8d\" data-element_type=\"widget\" data-e-type=\"widget\" data-widget_type=\"heading.default\">\n\t\t\t\t\t<h2 class=\"elementor-heading-title elementor-size-default\">10. Kontaktdaten<\/h2>\t\t\t\t<\/div>\n\t\t\t\t<div class=\"elementor-element elementor-element-d41b6fa elementor-widget elementor-widget-text-editor\" data-id=\"d41b6fa\" data-element_type=\"widget\" data-e-type=\"widget\" data-widget_type=\"text-editor.default\">\n\t\t\t\t\t\t\t\t\t<p>F\u00fcr Fragen und\/oder Kommentare zu unserer Cookie-Richtlinie und dieser Erkl\u00e4rung kontaktieren Sie uns bitte unter folgenden Kontaktdaten:<\/p>\t\t\t\t\t\t\t\t<\/div>\n\t\t\t\t<div class=\"elementor-element elementor-element-fa42734 elementor-widget elementor-widget-text-editor\" data-id=\"fa42734\" data-element_type=\"widget\" data-e-type=\"widget\" data-widget_type=\"text-editor.default\">\n\t\t\t\t\t\t\t\t\t<p>EXPLOTACIONES TURISTICAS 2021, S.L.U. Pol\u00edgono Industrial de Catarroja, calle 21, n\u00ba 39 y 43 -46470- Catarroja (Valencia), Spanien Website: <a href=\"https:\/\/myrhotels.com\">https:\/\/myrhotels.com<\/a> E-Mail: <a href=\"mailto:rgpd@myrhotels.com\">rgpd@myrhotels.com<\/a><\/p>\t\t\t\t\t\t\t\t<\/div>\n\t\t\t\t<div class=\"elementor-element elementor-element-a05be5e elementor-widget elementor-widget-text-editor\" data-id=\"a05be5e\" data-element_type=\"widget\" data-e-type=\"widget\" data-widget_type=\"text-editor.default\">\n\t\t\t\t\t\t\t\t\t<p>Diese Cookie-Richtlinie wurde am 19.06.2025 mit <a href=\"https:\/\/cookiedatabase.org\/\">cookiedatabase.org<\/a> synchronisiert.<\/p>\t\t\t\t\t\t\t\t<\/div>\n\t\t\t\t\t<\/div>\n\t\t\t\t<\/div>\n\t\t\t\t<\/div>\n\t\t","protected":false},"excerpt":{"rendered":"<p>Cookie-Richtlinie Diese Cookie-Richtlinie wurde zuletzt am 18.06.2025 aktualisiert und gilt f\u00fcr B\u00fcrger und dauerhaft rechtm\u00e4\u00dfig ans\u00e4ssige Einwohner des Europ\u00e4ischen Wirtschaftsraums und der Schweiz. 1. Einf\u00fchrung Unsere Website, https:\/\/myrhotels.com (im Folgenden: &#8218;die Website&#8216;), verwendet Cookies und andere verwandte Technologien (zur Vereinfachung werden hier alle Technologien als &#8218;Cookies&#8216; bezeichnet). Cookies werden auch von Dritten gesetzt, die wir [&hellip;]<\/p>\n","protected":false},"author":2,"featured_media":0,"parent":0,"menu_order":0,"comment_status":"closed","ping_status":"closed","template":"","meta":{"_acf_changed":false,"footnotes":""},"class_list":["post-9851","page","type-page","status-publish","hentry"],"acf":[],"yoast_head":"<!-- This site is optimized with the Yoast SEO plugin v27.3 - https:\/\/yoast.com\/product\/yoast-seo-wordpress\/ -->\n<title>Cookie-Richtlinie - MYR Hotels<\/title>\n<meta name=\"description\" content=\"Informationen zur Verwendung von Cookies bei MYR Hotels.\" \/>\n<meta name=\"robots\" content=\"index, follow, max-snippet:-1, max-image-preview:large, max-video-preview:-1\" \/>\n<link rel=\"canonical\" href=\"https:\/\/myrhotels.com\/de\/cookie-richtlinie\/\" \/>\n<meta property=\"og:locale\" content=\"de_DE\" \/>\n<meta property=\"og:type\" content=\"article\" \/>\n<meta property=\"og:title\" content=\"Cookie-Richtlinie - MYR Hotels\" \/>\n<meta property=\"og:description\" content=\"Informationen zur Verwendung von Cookies bei MYR Hotels.\" \/>\n<meta property=\"og:url\" content=\"https:\/\/myrhotels.com\/de\/cookie-richtlinie\/\" \/>\n<meta property=\"og:site_name\" content=\"MYR Hotels\" \/>\n<meta property=\"article:modified_time\" content=\"2026-04-01T23:27:50+00:00\" \/>\n<meta name=\"twitter:card\" content=\"summary_large_image\" \/>\n<meta name=\"twitter:label1\" content=\"Gesch\u00e4tzte Lesezeit\" \/>\n\t<meta name=\"twitter:data1\" content=\"5\u00a0Minuten\" \/>\n<script type=\"application\/ld+json\" class=\"yoast-schema-graph\">{\"@context\":\"https:\\\/\\\/schema.org\",\"@graph\":[{\"@type\":\"WebPage\",\"@id\":\"https:\\\/\\\/myrhotels.com\\\/de\\\/cookie-richtlinie\\\/\",\"url\":\"https:\\\/\\\/myrhotels.com\\\/de\\\/cookie-richtlinie\\\/\",\"name\":\"Cookie-Richtlinie - MYR Hotels\",\"isPartOf\":{\"@id\":\"https:\\\/\\\/myrhotels.com\\\/de\\\/#website\"},\"datePublished\":\"2025-10-07T03:37:02+00:00\",\"dateModified\":\"2026-04-01T23:27:50+00:00\",\"description\":\"Informationen zur Verwendung von Cookies bei MYR Hotels.\",\"breadcrumb\":{\"@id\":\"https:\\\/\\\/myrhotels.com\\\/de\\\/cookie-richtlinie\\\/#breadcrumb\"},\"inLanguage\":\"de\",\"potentialAction\":[{\"@type\":\"ReadAction\",\"target\":[\"https:\\\/\\\/myrhotels.com\\\/de\\\/cookie-richtlinie\\\/\"]}]},{\"@type\":\"BreadcrumbList\",\"@id\":\"https:\\\/\\\/myrhotels.com\\\/de\\\/cookie-richtlinie\\\/#breadcrumb\",\"itemListElement\":[{\"@type\":\"ListItem\",\"position\":1,\"name\":\"Portada\",\"item\":\"https:\\\/\\\/myrhotels.com\\\/de\\\/\"},{\"@type\":\"ListItem\",\"position\":2,\"name\":\"Cookie-Richtlinie\"}]},{\"@type\":\"WebSite\",\"@id\":\"https:\\\/\\\/myrhotels.com\\\/de\\\/#website\",\"url\":\"https:\\\/\\\/myrhotels.com\\\/de\\\/\",\"name\":\"MYR Hotels\",\"description\":\"Hoteles boutique en Valencia con restaurantes y rooftops exclusivos\",\"publisher\":{\"@id\":\"https:\\\/\\\/myrhotels.com\\\/de\\\/#organization\"},\"potentialAction\":[{\"@type\":\"SearchAction\",\"target\":{\"@type\":\"EntryPoint\",\"urlTemplate\":\"https:\\\/\\\/myrhotels.com\\\/de\\\/?s={search_term_string}\"},\"query-input\":{\"@type\":\"PropertyValueSpecification\",\"valueRequired\":true,\"valueName\":\"search_term_string\"}}],\"inLanguage\":\"de\"},{\"@type\":\"Organization\",\"@id\":\"https:\\\/\\\/myrhotels.com\\\/de\\\/#organization\",\"name\":\"MYR Hotels\",\"url\":\"https:\\\/\\\/myrhotels.com\\\/de\\\/\",\"logo\":{\"@type\":\"ImageObject\",\"inLanguage\":\"de\",\"@id\":\"https:\\\/\\\/myrhotels.com\\\/de\\\/#\\\/schema\\\/logo\\\/image\\\/\",\"url\":\"https:\\\/\\\/myrhotels.com\\\/wp-content\\\/uploads\\\/2025\\\/08\\\/logo-black.svg\",\"contentUrl\":\"https:\\\/\\\/myrhotels.com\\\/wp-content\\\/uploads\\\/2025\\\/08\\\/logo-black.svg\",\"width\":90,\"height\":40,\"caption\":\"MYR Hotels\"},\"image\":{\"@id\":\"https:\\\/\\\/myrhotels.com\\\/de\\\/#\\\/schema\\\/logo\\\/image\\\/\"}}]}<\/script>\n<!-- \/ Yoast SEO plugin. -->","yoast_head_json":{"title":"Cookie-Richtlinie - MYR Hotels","description":"Informationen zur Verwendung von Cookies bei MYR Hotels.","robots":{"index":"index","follow":"follow","max-snippet":"max-snippet:-1","max-image-preview":"max-image-preview:large","max-video-preview":"max-video-preview:-1"},"canonical":"https:\/\/myrhotels.com\/de\/cookie-richtlinie\/","og_locale":"de_DE","og_type":"article","og_title":"Cookie-Richtlinie - MYR Hotels","og_description":"Informationen zur Verwendung von Cookies bei MYR Hotels.","og_url":"https:\/\/myrhotels.com\/de\/cookie-richtlinie\/","og_site_name":"MYR Hotels","article_modified_time":"2026-04-01T23:27:50+00:00","twitter_card":"summary_large_image","twitter_misc":{"Gesch\u00e4tzte Lesezeit":"5\u00a0Minuten"},"schema":{"@context":"https:\/\/schema.org","@graph":[{"@type":"WebPage","@id":"https:\/\/myrhotels.com\/de\/cookie-richtlinie\/","url":"https:\/\/myrhotels.com\/de\/cookie-richtlinie\/","name":"Cookie-Richtlinie - MYR Hotels","isPartOf":{"@id":"https:\/\/myrhotels.com\/de\/#website"},"datePublished":"2025-10-07T03:37:02+00:00","dateModified":"2026-04-01T23:27:50+00:00","description":"Informationen zur Verwendung von Cookies bei MYR Hotels.","breadcrumb":{"@id":"https:\/\/myrhotels.com\/de\/cookie-richtlinie\/#breadcrumb"},"inLanguage":"de","potentialAction":[{"@type":"ReadAction","target":["https:\/\/myrhotels.com\/de\/cookie-richtlinie\/"]}]},{"@type":"BreadcrumbList","@id":"https:\/\/myrhotels.com\/de\/cookie-richtlinie\/#breadcrumb","itemListElement":[{"@type":"ListItem","position":1,"name":"Portada","item":"https:\/\/myrhotels.com\/de\/"},{"@type":"ListItem","position":2,"name":"Cookie-Richtlinie"}]},{"@type":"WebSite","@id":"https:\/\/myrhotels.com\/de\/#website","url":"https:\/\/myrhotels.com\/de\/","name":"MYR Hotels","description":"Hoteles boutique en Valencia con restaurantes y rooftops exclusivos","publisher":{"@id":"https:\/\/myrhotels.com\/de\/#organization"},"potentialAction":[{"@type":"SearchAction","target":{"@type":"EntryPoint","urlTemplate":"https:\/\/myrhotels.com\/de\/?s={search_term_string}"},"query-input":{"@type":"PropertyValueSpecification","valueRequired":true,"valueName":"search_term_string"}}],"inLanguage":"de"},{"@type":"Organization","@id":"https:\/\/myrhotels.com\/de\/#organization","name":"MYR Hotels","url":"https:\/\/myrhotels.com\/de\/","logo":{"@type":"ImageObject","inLanguage":"de","@id":"https:\/\/myrhotels.com\/de\/#\/schema\/logo\/image\/","url":"https:\/\/myrhotels.com\/wp-content\/uploads\/2025\/08\/logo-black.svg","contentUrl":"https:\/\/myrhotels.com\/wp-content\/uploads\/2025\/08\/logo-black.svg","width":90,"height":40,"caption":"MYR Hotels"},"image":{"@id":"https:\/\/myrhotels.com\/de\/#\/schema\/logo\/image\/"}}]}},"_links":{"self":[{"href":"https:\/\/myrhotels.com\/de\/wp-json\/wp\/v2\/pages\/9851","targetHints":{"allow":["GET"]}}],"collection":[{"href":"https:\/\/myrhotels.com\/de\/wp-json\/wp\/v2\/pages"}],"about":[{"href":"https:\/\/myrhotels.com\/de\/wp-json\/wp\/v2\/types\/page"}],"author":[{"embeddable":true,"href":"https:\/\/myrhotels.com\/de\/wp-json\/wp\/v2\/users\/2"}],"replies":[{"embeddable":true,"href":"https:\/\/myrhotels.com\/de\/wp-json\/wp\/v2\/comments?post=9851"}],"version-history":[{"count":1,"href":"https:\/\/myrhotels.com\/de\/wp-json\/wp\/v2\/pages\/9851\/revisions"}],"predecessor-version":[{"id":9852,"href":"https:\/\/myrhotels.com\/de\/wp-json\/wp\/v2\/pages\/9851\/revisions\/9852"}],"wp:attachment":[{"href":"https:\/\/myrhotels.com\/de\/wp-json\/wp\/v2\/media?parent=9851"}],"curies":[{"name":"wp","href":"https:\/\/api.w.org\/{rel}","templated":true}]}}