{"id":9485,"date":"2025-10-06T22:14:59","date_gmt":"2025-10-06T22:14:59","guid":{"rendered":"https:\/\/myrhotels.com\/rechtlicher-hinweis\/"},"modified":"2026-04-01T21:06:27","modified_gmt":"2026-04-01T21:06:27","slug":"rechtlicher-hinweis","status":"publish","type":"page","link":"https:\/\/myrhotels.com\/de\/rechtlicher-hinweis\/","title":{"rendered":"Rechtlicher Hinweis"},"content":{"rendered":"\t\t<div data-elementor-type=\"wp-page\" data-elementor-id=\"9485\" class=\"elementor elementor-9485 elementor-2647\" data-elementor-post-type=\"page\">\n\t\t\t\t<div class=\"elementor-element elementor-element-48e58c9 e-con-full e-flex e-con e-parent\" data-id=\"48e58c9\" data-element_type=\"container\" data-e-type=\"container\" data-settings=\"{&quot;background_background&quot;:&quot;classic&quot;}\">\n\t\t<div class=\"elementor-element elementor-element-edaf8c9 e-flex e-con-boxed e-con e-child\" data-id=\"edaf8c9\" data-element_type=\"container\" data-e-type=\"container\">\n\t\t\t\t\t<div class=\"e-con-inner\">\n\t\t\t\t<div class=\"elementor-element elementor-element-509c2bf elementor-widget elementor-widget-heading\" data-id=\"509c2bf\" data-element_type=\"widget\" data-e-type=\"widget\" data-widget_type=\"heading.default\">\n\t\t\t\t\t<h1 class=\"elementor-heading-title elementor-size-default\">Rechtlicher Hinweis<\/h1>\t\t\t\t<\/div>\n\t\t\t\t\t<\/div>\n\t\t\t\t<\/div>\n\t\t\t\t<\/div>\n\t\t<div class=\"elementor-element elementor-element-c622225 e-flex e-con-boxed e-con e-parent\" data-id=\"c622225\" data-element_type=\"container\" data-e-type=\"container\" data-settings=\"{&quot;background_background&quot;:&quot;classic&quot;}\">\n\t\t\t\t\t<div class=\"e-con-inner\">\n\t\t\t\t<div class=\"elementor-element elementor-element-8f1cc8e elementor-widget elementor-widget-heading\" data-id=\"8f1cc8e\" data-element_type=\"widget\" data-e-type=\"widget\" data-widget_type=\"heading.default\">\n\t\t\t\t\t<h2 class=\"elementor-heading-title elementor-size-default\">Geistiges Eigentum und gewerbliche Schutzrechte<\/h2>\t\t\t\t<\/div>\n\t\t\t\t<div class=\"elementor-element elementor-element-54bc4bd elementor-widget elementor-widget-text-editor\" data-id=\"54bc4bd\" data-element_type=\"widget\" data-e-type=\"widget\" data-widget_type=\"text-editor.default\">\n\t\t\t\t\t\t\t\t\t<p>MYR HOTELS beh\u00e4lt sich alle Rechte vor. Diese Website und die darin enthaltenen Inhalte, einschlie\u00dflich aber nicht beschr\u00e4nkt auf Artikel, Texte, Bilder, Logos, Marken, Schaltfl\u00e4chen, Softwaredateien, Slogans, Designs, Computerprogramme und deren Bestandteile (Quellcode, Schnittstellen, Anwendungen \u2026), Struktur, Layout, Handelsnamen, Marken, eingetragene Designs und sonstige kennzeichnungsf\u00e4hige Zeichen, die industriell oder kommerziell nutzbar sind, unterliegen dem Schutz des Urheberrechts und des gewerblichen Rechtsschutzes und sind Eigentum von MYR HOTELS oder von Dritten, die MYR HOTELS zur Nutzung auf der Website autorisiert haben.  <\/p>\t\t\t\t\t\t\t\t<\/div>\n\t\t\t\t<div class=\"elementor-element elementor-element-b8e0d3d elementor-widget elementor-widget-text-editor\" data-id=\"b8e0d3d\" data-element_type=\"widget\" data-e-type=\"widget\" data-widget_type=\"text-editor.default\">\n\t\t\t\t\t\t\t\t\t<p>Jegliche Form der Ausbeutung (Vervielf\u00e4ltigung, Kopie, Verbreitung, \u00c4nderung, Umwandlung, Entfernung und Manipulation) dieser Website ist ohne vorherige ausdr\u00fcckliche Genehmigung von MYR HOTELS ausdr\u00fccklich untersagt. In keinem Fall ist anzunehmen, dass eine Lizenz erteilt wurde oder dass auf diese Rechte ganz oder teilweise verzichtet, \u00fcbertragen oder vermietet wurde, und es besteht kein Recht oder keine Erwartung eines Rechts, Inhalte ohne vorherige ausdr\u00fcckliche Zustimmung von MYR HOTELS oder der jeweiligen Rechteinhaber zu \u00e4ndern, zu nutzen, zu vervielf\u00e4ltigen, zu verbreiten oder \u00f6ffentlich zug\u00e4nglich zu machen. Das Vorhandensein von Hyperlinks auf Websites Dritter begr\u00fcndet in keinem Fall eine Gesch\u00e4ftsbeziehung mit dem Inhaber der verlinkenden Website noch die Zustimmung von MYR HOTELS zu deren Inhalten oder Dienstleistungen.  <\/p>\t\t\t\t\t\t\t\t<\/div>\n\t\t\t\t<div class=\"elementor-element elementor-element-4b73835 elementor-widget elementor-widget-text-editor\" data-id=\"4b73835\" data-element_type=\"widget\" data-e-type=\"widget\" data-widget_type=\"text-editor.default\">\n\t\t\t\t\t\t\t\t\t<p>Der Zugriff auf diese Website begr\u00fcndet in keinem Fall Erwerbs- oder Eigentumsrechte an den Inhalten zugunsten der Nutzer. MYR HOTELS haftet nicht f\u00fcr m\u00f6gliche Verletzungen fremder Urheber- und\/oder gewerblicher Schutzrechte, die durch den Inhalt der zuvor genannten Artikel und Beitr\u00e4ge verursacht werden. MYR HOTELS haftet nicht f\u00fcr Sch\u00e4den an Personen und\/oder Sachen, die auf Methoden, Theorien, Ideen, Meinungen, Anweisungen oder Empfehlungen in diesen Artikeln und Beitr\u00e4gen zur\u00fcckzuf\u00fchren sind.  <\/p>\t\t\t\t\t\t\t\t<\/div>\n\t\t\t\t<div class=\"elementor-element elementor-element-9b1b91c elementor-widget elementor-widget-heading\" data-id=\"9b1b91c\" data-element_type=\"widget\" data-e-type=\"widget\" data-widget_type=\"heading.default\">\n\t\t\t\t\t<h2 class=\"elementor-heading-title elementor-size-default\">Haftungsbeschr\u00e4nkung<\/h2>\t\t\t\t<\/div>\n\t\t\t\t<div class=\"elementor-element elementor-element-f0cf2f5 elementor-widget elementor-widget-text-editor\" data-id=\"f0cf2f5\" data-element_type=\"widget\" data-e-type=\"widget\" data-widget_type=\"text-editor.default\">\n\t\t\t\t\t\t\t\t\t<p>MYR HOTELS beh\u00e4lt sich das Recht vor, den Zugriff auf seine Website sowie die Erbringung von Diensten dar\u00fcber jederzeit und ohne Vorank\u00fcndigung einzustellen, sei es aus technischen Gr\u00fcnden, Sicherheitsgr\u00fcnden, Wartungsarbeiten oder anderen Gr\u00fcnden. MYR HOTELS haftet nicht, wenn Dienste unterbrochen, verz\u00f6gert oder fehlerhaft sind oder andere Probleme auftreten, die auf Ursachen au\u00dferhalb des Einflussbereichs von MYR HOTELS zur\u00fcckzuf\u00fchren sind. Die auf dieser Website enthaltenen Informationen k\u00f6nnen trotz der getroffenen Ma\u00dfnahmen zur Gew\u00e4hrleistung ihrer Richtigkeit und Aktualisierung Fehler aufweisen. Folglich \u00fcbernimmt MYR HOTELS keine Haftung f\u00fcr Inhaltsfehler oder Sch\u00e4den, die aus deren Verwendung entstehen. Diese Website kann Links zu anderen Websites enthalten; f\u00fcr deren Inhalte, N\u00fctzlichkeit oder Genauigkeit kann MYR HOTELS keine Verantwortung \u00fcbernehmen. Die Aufnahme eines Links auf dieser Website ist nicht als Empfehlung an die Nutzer zu verstehen; die Entscheidung, solche Links zu nutzen, liegt in der Verantwortung der Nutzer.   <\/p>\t\t\t\t\t\t\t\t<\/div>\n\t\t\t\t<div class=\"elementor-element elementor-element-e1ccff7 elementor-widget elementor-widget-text-editor\" data-id=\"e1ccff7\" data-element_type=\"widget\" data-e-type=\"widget\" data-widget_type=\"text-editor.default\">\n\t\t\t\t\t\t\t\t\t<p>MYR HOTELS haftet nicht f\u00fcr Sch\u00e4den, die aus der Nutzung dieser Website oder ihrer Inhalte entstehen, und \u00fcbernimmt keine Gew\u00e4hr daf\u00fcr, dass die Seite frei von Viren ist oder dass keine Sch\u00e4den an den Computersystemen der Nutzer entstehen k\u00f6nnen. MYR HOTELS haftet nicht f\u00fcr missbr\u00e4uchliche oder falsche Nutzung dieser Website. <\/p>\t\t\t\t\t\t\t\t<\/div>\n\t\t\t\t<div class=\"elementor-element elementor-element-c88f42a elementor-widget elementor-widget-heading\" data-id=\"c88f42a\" data-element_type=\"widget\" data-e-type=\"widget\" data-widget_type=\"heading.default\">\n\t\t\t\t\t<h2 class=\"elementor-heading-title elementor-size-default\">Anwendbares Recht und Gerichtsstand<\/h2>\t\t\t\t<\/div>\n\t\t\t\t<div class=\"elementor-element elementor-element-26038a7 elementor-widget elementor-widget-text-editor\" data-id=\"26038a7\" data-element_type=\"widget\" data-e-type=\"widget\" data-widget_type=\"text-editor.default\">\n\t\t\t\t\t\t\t\t\t<p>Diese Website, im Eigentum von EXPLOTACIONES TUR\u00cdSTICAS 2021 S.L.U., unterliegt dem spanischen Recht. Zur Beilegung etwaiger Streitigkeiten mit Nutzern in Bezug auf die Nutzungsbedingungen oder sonstige Anspr\u00fcche im Zusammenhang mit den Inhalten und Diensten der Website sind die Gerichte von Valencia zust\u00e4ndig. Es gilt spanisches Recht; die Parteien verzichten ausdr\u00fccklich auf ihren eigenen Gerichtsstand oder auf jeden anderen ihnen eventuell zustehenden Gerichtsstand.<\/p>\t\t\t\t\t\t\t\t<\/div>\n\t\t\t\t\t<\/div>\n\t\t\t\t<\/div>\n\t\t\t\t<\/div>\n\t\t","protected":false},"excerpt":{"rendered":"<p>Rechtlicher Hinweis Geistiges Eigentum und gewerbliche Schutzrechte MYR HOTELS beh\u00e4lt sich alle Rechte vor. Diese Website und die darin enthaltenen Inhalte, einschlie\u00dflich aber nicht beschr\u00e4nkt auf Artikel, Texte, Bilder, Logos, Marken, Schaltfl\u00e4chen, Softwaredateien, Slogans, Designs, Computerprogramme und deren Bestandteile (Quellcode, Schnittstellen, Anwendungen \u2026), Struktur, Layout, Handelsnamen, Marken, eingetragene Designs und sonstige kennzeichnungsf\u00e4hige Zeichen, die industriell [&hellip;]<\/p>\n","protected":false},"author":2,"featured_media":0,"parent":0,"menu_order":0,"comment_status":"closed","ping_status":"closed","template":"","meta":{"_acf_changed":false,"footnotes":""},"class_list":["post-9485","page","type-page","status-publish","hentry"],"acf":[],"yoast_head":"<!-- This site is optimized with the Yoast SEO plugin v27.3 - https:\/\/yoast.com\/product\/yoast-seo-wordpress\/ -->\n<title>Rechtlicher Hinweis - MYR Hotels<\/title>\n<meta name=\"description\" content=\"Lesen Sie die rechtlichen Informationen von MYR Hotels.\" \/>\n<meta name=\"robots\" content=\"index, follow, max-snippet:-1, max-image-preview:large, max-video-preview:-1\" \/>\n<link rel=\"canonical\" href=\"https:\/\/myrhotels.com\/de\/rechtlicher-hinweis\/\" \/>\n<meta property=\"og:locale\" content=\"de_DE\" \/>\n<meta property=\"og:type\" content=\"article\" \/>\n<meta property=\"og:title\" content=\"Rechtlicher Hinweis - MYR Hotels\" \/>\n<meta property=\"og:description\" content=\"Lesen Sie die rechtlichen Informationen von MYR Hotels.\" \/>\n<meta property=\"og:url\" content=\"https:\/\/myrhotels.com\/de\/rechtlicher-hinweis\/\" \/>\n<meta property=\"og:site_name\" content=\"MYR Hotels\" \/>\n<meta property=\"article:modified_time\" content=\"2026-04-01T21:06:27+00:00\" \/>\n<meta name=\"twitter:card\" content=\"summary_large_image\" \/>\n<meta name=\"twitter:label1\" content=\"Gesch\u00e4tzte Lesezeit\" \/>\n\t<meta name=\"twitter:data1\" content=\"3\u00a0Minuten\" \/>\n<script type=\"application\/ld+json\" class=\"yoast-schema-graph\">{\"@context\":\"https:\\\/\\\/schema.org\",\"@graph\":[{\"@type\":\"WebPage\",\"@id\":\"https:\\\/\\\/myrhotels.com\\\/de\\\/rechtlicher-hinweis\\\/\",\"url\":\"https:\\\/\\\/myrhotels.com\\\/de\\\/rechtlicher-hinweis\\\/\",\"name\":\"Rechtlicher Hinweis - MYR Hotels\",\"isPartOf\":{\"@id\":\"https:\\\/\\\/myrhotels.com\\\/de\\\/#website\"},\"datePublished\":\"2025-10-06T22:14:59+00:00\",\"dateModified\":\"2026-04-01T21:06:27+00:00\",\"description\":\"Lesen Sie die rechtlichen Informationen von MYR Hotels.\",\"breadcrumb\":{\"@id\":\"https:\\\/\\\/myrhotels.com\\\/de\\\/rechtlicher-hinweis\\\/#breadcrumb\"},\"inLanguage\":\"de\",\"potentialAction\":[{\"@type\":\"ReadAction\",\"target\":[\"https:\\\/\\\/myrhotels.com\\\/de\\\/rechtlicher-hinweis\\\/\"]}]},{\"@type\":\"BreadcrumbList\",\"@id\":\"https:\\\/\\\/myrhotels.com\\\/de\\\/rechtlicher-hinweis\\\/#breadcrumb\",\"itemListElement\":[{\"@type\":\"ListItem\",\"position\":1,\"name\":\"Portada\",\"item\":\"https:\\\/\\\/myrhotels.com\\\/de\\\/\"},{\"@type\":\"ListItem\",\"position\":2,\"name\":\"Rechtlicher Hinweis\"}]},{\"@type\":\"WebSite\",\"@id\":\"https:\\\/\\\/myrhotels.com\\\/de\\\/#website\",\"url\":\"https:\\\/\\\/myrhotels.com\\\/de\\\/\",\"name\":\"MYR Hotels\",\"description\":\"Hoteles boutique en Valencia con restaurantes y rooftops exclusivos\",\"publisher\":{\"@id\":\"https:\\\/\\\/myrhotels.com\\\/de\\\/#organization\"},\"potentialAction\":[{\"@type\":\"SearchAction\",\"target\":{\"@type\":\"EntryPoint\",\"urlTemplate\":\"https:\\\/\\\/myrhotels.com\\\/de\\\/?s={search_term_string}\"},\"query-input\":{\"@type\":\"PropertyValueSpecification\",\"valueRequired\":true,\"valueName\":\"search_term_string\"}}],\"inLanguage\":\"de\"},{\"@type\":\"Organization\",\"@id\":\"https:\\\/\\\/myrhotels.com\\\/de\\\/#organization\",\"name\":\"MYR Hotels\",\"url\":\"https:\\\/\\\/myrhotels.com\\\/de\\\/\",\"logo\":{\"@type\":\"ImageObject\",\"inLanguage\":\"de\",\"@id\":\"https:\\\/\\\/myrhotels.com\\\/de\\\/#\\\/schema\\\/logo\\\/image\\\/\",\"url\":\"https:\\\/\\\/myrhotels.com\\\/wp-content\\\/uploads\\\/2025\\\/08\\\/logo-black.svg\",\"contentUrl\":\"https:\\\/\\\/myrhotels.com\\\/wp-content\\\/uploads\\\/2025\\\/08\\\/logo-black.svg\",\"width\":90,\"height\":40,\"caption\":\"MYR Hotels\"},\"image\":{\"@id\":\"https:\\\/\\\/myrhotels.com\\\/de\\\/#\\\/schema\\\/logo\\\/image\\\/\"}}]}<\/script>\n<!-- \/ Yoast SEO plugin. -->","yoast_head_json":{"title":"Rechtlicher Hinweis - MYR Hotels","description":"Lesen Sie die rechtlichen Informationen von MYR Hotels.","robots":{"index":"index","follow":"follow","max-snippet":"max-snippet:-1","max-image-preview":"max-image-preview:large","max-video-preview":"max-video-preview:-1"},"canonical":"https:\/\/myrhotels.com\/de\/rechtlicher-hinweis\/","og_locale":"de_DE","og_type":"article","og_title":"Rechtlicher Hinweis - MYR Hotels","og_description":"Lesen Sie die rechtlichen Informationen von MYR Hotels.","og_url":"https:\/\/myrhotels.com\/de\/rechtlicher-hinweis\/","og_site_name":"MYR Hotels","article_modified_time":"2026-04-01T21:06:27+00:00","twitter_card":"summary_large_image","twitter_misc":{"Gesch\u00e4tzte Lesezeit":"3\u00a0Minuten"},"schema":{"@context":"https:\/\/schema.org","@graph":[{"@type":"WebPage","@id":"https:\/\/myrhotels.com\/de\/rechtlicher-hinweis\/","url":"https:\/\/myrhotels.com\/de\/rechtlicher-hinweis\/","name":"Rechtlicher Hinweis - MYR Hotels","isPartOf":{"@id":"https:\/\/myrhotels.com\/de\/#website"},"datePublished":"2025-10-06T22:14:59+00:00","dateModified":"2026-04-01T21:06:27+00:00","description":"Lesen Sie die rechtlichen Informationen von MYR Hotels.","breadcrumb":{"@id":"https:\/\/myrhotels.com\/de\/rechtlicher-hinweis\/#breadcrumb"},"inLanguage":"de","potentialAction":[{"@type":"ReadAction","target":["https:\/\/myrhotels.com\/de\/rechtlicher-hinweis\/"]}]},{"@type":"BreadcrumbList","@id":"https:\/\/myrhotels.com\/de\/rechtlicher-hinweis\/#breadcrumb","itemListElement":[{"@type":"ListItem","position":1,"name":"Portada","item":"https:\/\/myrhotels.com\/de\/"},{"@type":"ListItem","position":2,"name":"Rechtlicher Hinweis"}]},{"@type":"WebSite","@id":"https:\/\/myrhotels.com\/de\/#website","url":"https:\/\/myrhotels.com\/de\/","name":"MYR Hotels","description":"Hoteles boutique en Valencia con restaurantes y rooftops exclusivos","publisher":{"@id":"https:\/\/myrhotels.com\/de\/#organization"},"potentialAction":[{"@type":"SearchAction","target":{"@type":"EntryPoint","urlTemplate":"https:\/\/myrhotels.com\/de\/?s={search_term_string}"},"query-input":{"@type":"PropertyValueSpecification","valueRequired":true,"valueName":"search_term_string"}}],"inLanguage":"de"},{"@type":"Organization","@id":"https:\/\/myrhotels.com\/de\/#organization","name":"MYR Hotels","url":"https:\/\/myrhotels.com\/de\/","logo":{"@type":"ImageObject","inLanguage":"de","@id":"https:\/\/myrhotels.com\/de\/#\/schema\/logo\/image\/","url":"https:\/\/myrhotels.com\/wp-content\/uploads\/2025\/08\/logo-black.svg","contentUrl":"https:\/\/myrhotels.com\/wp-content\/uploads\/2025\/08\/logo-black.svg","width":90,"height":40,"caption":"MYR Hotels"},"image":{"@id":"https:\/\/myrhotels.com\/de\/#\/schema\/logo\/image\/"}}]}},"_links":{"self":[{"href":"https:\/\/myrhotels.com\/de\/wp-json\/wp\/v2\/pages\/9485","targetHints":{"allow":["GET"]}}],"collection":[{"href":"https:\/\/myrhotels.com\/de\/wp-json\/wp\/v2\/pages"}],"about":[{"href":"https:\/\/myrhotels.com\/de\/wp-json\/wp\/v2\/types\/page"}],"author":[{"embeddable":true,"href":"https:\/\/myrhotels.com\/de\/wp-json\/wp\/v2\/users\/2"}],"replies":[{"embeddable":true,"href":"https:\/\/myrhotels.com\/de\/wp-json\/wp\/v2\/comments?post=9485"}],"version-history":[{"count":3,"href":"https:\/\/myrhotels.com\/de\/wp-json\/wp\/v2\/pages\/9485\/revisions"}],"predecessor-version":[{"id":9881,"href":"https:\/\/myrhotels.com\/de\/wp-json\/wp\/v2\/pages\/9485\/revisions\/9881"}],"wp:attachment":[{"href":"https:\/\/myrhotels.com\/de\/wp-json\/wp\/v2\/media?parent=9485"}],"curies":[{"name":"wp","href":"https:\/\/api.w.org\/{rel}","templated":true}]}}