{"id":10093,"date":"2025-08-25T19:04:06","date_gmt":"2025-08-25T19:04:06","guid":{"rendered":"https:\/\/myrhotels.com\/pakete-und-erlebnisse\/"},"modified":"2026-04-01T23:37:47","modified_gmt":"2026-04-01T23:37:47","slug":"sonderpakete","status":"publish","type":"page","link":"https:\/\/myrhotels.com\/de\/sonderpakete\/","title":{"rendered":"Pakete und Erlebnisse"},"content":{"rendered":"\t\t<div data-elementor-type=\"wp-page\" data-elementor-id=\"10093\" class=\"elementor elementor-10093 elementor-401\" data-elementor-post-type=\"page\">\n\t\t\t\t<div class=\"elementor-element elementor-element-9fa89f6 e-con-full e-flex e-con e-parent\" data-id=\"9fa89f6\" data-element_type=\"container\" data-e-type=\"container\" data-settings=\"{&quot;background_background&quot;:&quot;classic&quot;}\">\n\t\t<div class=\"elementor-element elementor-element-4cf40aa e-flex e-con-boxed e-con e-child\" data-id=\"4cf40aa\" data-element_type=\"container\" data-e-type=\"container\">\n\t\t\t\t\t<div class=\"e-con-inner\">\n\t\t\t\t<div class=\"elementor-element elementor-element-a28c300 elementor-widget elementor-widget-text-editor\" data-id=\"a28c300\" data-element_type=\"widget\" data-e-type=\"widget\" data-widget_type=\"text-editor.default\">\n\t\t\t\t\t\t\t\t\t<p>MYR Hotels<\/p>\t\t\t\t\t\t\t\t<\/div>\n\t\t\t\t<div class=\"elementor-element elementor-element-7aeff3b elementor-widget elementor-widget-heading\" data-id=\"7aeff3b\" data-element_type=\"widget\" data-e-type=\"widget\" data-widget_type=\"heading.default\">\n\t\t\t\t\t<h1 class=\"elementor-heading-title elementor-size-default\">Sonderpakete<\/h1>\t\t\t\t<\/div>\n\t\t\t\t\t<\/div>\n\t\t\t\t<\/div>\n\t\t\t\t<\/div>\n\t\t<div class=\"elementor-element elementor-element-fa304b6 e-flex e-con-boxed e-con e-parent\" data-id=\"fa304b6\" data-element_type=\"container\" data-e-type=\"container\" data-settings=\"{&quot;background_background&quot;:&quot;classic&quot;}\">\n\t\t\t\t\t<div class=\"e-con-inner\">\n\t\t<div class=\"elementor-element elementor-element-40d78df e-con-full e-flex e-con e-child\" data-id=\"40d78df\" data-element_type=\"container\" data-e-type=\"container\" data-settings=\"{&quot;background_background&quot;:&quot;classic&quot;}\">\n\t\t\t\t<div class=\"elementor-element elementor-element-6c65ee3 elementor-widget elementor-widget-spacer\" data-id=\"6c65ee3\" data-element_type=\"widget\" data-e-type=\"widget\" data-widget_type=\"spacer.default\">\n\t\t\t\t\t\t\t<div class=\"elementor-spacer\">\n\t\t\t<div class=\"elementor-spacer-inner\"><\/div>\n\t\t<\/div>\n\t\t\t\t\t\t<\/div>\n\t\t\t\t<\/div>\n\t\t<div class=\"elementor-element elementor-element-8a581a4 e-con-full e-flex e-con e-child\" data-id=\"8a581a4\" data-element_type=\"container\" data-e-type=\"container\">\n\t\t<div class=\"elementor-element elementor-element-865981e e-con-full e-flex e-con e-child\" data-id=\"865981e\" data-element_type=\"container\" data-e-type=\"container\">\n\t\t\t\t<div class=\"elementor-element elementor-element-65edc81 elementor-widget elementor-widget-text-editor\" data-id=\"65edc81\" data-element_type=\"widget\" data-e-type=\"widget\" data-widget_type=\"text-editor.default\">\n\t\t\t\t\t\t\t\t\t<p>Ein Erlebnis f\u00fcr zwei<\/p>\t\t\t\t\t\t\t\t<\/div>\n\t\t\t\t<div class=\"elementor-element elementor-element-42e5dc1 elementor-widget elementor-widget-heading\" data-id=\"42e5dc1\" data-element_type=\"widget\" data-e-type=\"widget\" data-widget_type=\"heading.default\">\n\t\t\t\t\t<h2 class=\"elementor-heading-title elementor-size-default\">Romantisches Paket<\/h2>\t\t\t\t<\/div>\n\t\t\t\t<div class=\"elementor-element elementor-element-945d1c0 elementor-widget elementor-widget-text-editor\" data-id=\"945d1c0\" data-element_type=\"widget\" data-e-type=\"widget\" data-widget_type=\"text-editor.default\">\n\t\t\t\t\t\t\t\t\t<p>Ein Empfang, der darauf ausgelegt ist, die Liebe mit h\u00f6chster Eleganz zu feiern. Eine Flasche Champagner im Zimmer, begleitet von exquisiten handgemachten Macarons und einem zarten Strau\u00df frischer Blumen, schafft die perfekte Kulisse, um auf besondere Momente anzusto\u00dfen. Ein intimes und raffiniertes Erlebnis, das jeden Aufenthalt in eine ewige Erinnerung verwandelt.  <\/p>\t\t\t\t\t\t\t\t<\/div>\n\t\t\t\t<div class=\"elementor-element elementor-element-212f10d elementor-widget elementor-widget-text-editor\" data-id=\"212f10d\" data-element_type=\"widget\" data-e-type=\"widget\" data-widget_type=\"text-editor.default\">\n\t\t\t\t\t\t\t\t\t<p>Preis: 140\u20ac<\/p>\t\t\t\t\t\t\t\t<\/div>\n\t\t\t\t<div class=\"elementor-element elementor-element-aea1df7 elementor-widget elementor-widget-text-editor\" data-id=\"aea1df7\" data-element_type=\"widget\" data-e-type=\"widget\" data-widget_type=\"text-editor.default\">\n\t\t\t\t\t\t\t\t\t<p>* F\u00fcgen Sie dieses Erlebnis Ihrer Buchung hinzu<\/p>\t\t\t\t\t\t\t\t<\/div>\n\t\t\t\t<div class=\"elementor-element elementor-element-53e6ed0 elementor-tablet-align-center my-btn elementor-align-left elementor-widget elementor-widget-button\" data-id=\"53e6ed0\" data-element_type=\"widget\" data-e-type=\"widget\" data-widget_type=\"button.default\">\n\t\t\t\t\t\t\t\t\t\t<a class=\"elementor-button elementor-button-link elementor-size-sm\" href=\"https:\/\/engine.witbooking.com\/es\/chain\/myr_agr?adults=2\">\n\t\t\t\t\t\t<span class=\"elementor-button-content-wrapper\">\n\t\t\t\t\t\t\t\t\t<span class=\"elementor-button-text\">Jetzt buchen<\/span>\n\t\t\t\t\t<\/span>\n\t\t\t\t\t<\/a>\n\t\t\t\t\t\t\t\t<\/div>\n\t\t\t\t<\/div>\n\t\t\t\t<\/div>\n\t\t\t\t\t<\/div>\n\t\t\t\t<\/div>\n\t\t<div class=\"elementor-element elementor-element-2bb80cc e-flex e-con-boxed e-con e-child\" data-id=\"2bb80cc\" data-element_type=\"container\" data-e-type=\"container\" data-settings=\"{&quot;background_background&quot;:&quot;classic&quot;}\">\n\t\t\t\t\t<div class=\"e-con-inner\">\n\t\t<div class=\"elementor-element elementor-element-c4491f3 e-con-full e-flex e-con e-child\" data-id=\"c4491f3\" data-element_type=\"container\" data-e-type=\"container\" data-settings=\"{&quot;background_background&quot;:&quot;classic&quot;}\">\n\t\t\t\t<div class=\"elementor-element elementor-element-556ed3f elementor-widget elementor-widget-text-editor\" data-id=\"556ed3f\" data-element_type=\"widget\" data-e-type=\"widget\" data-widget_type=\"text-editor.default\">\n\t\t\t\t\t\t\t\t\t<p>Ein Moment absoluten Wohlbefindens<\/p>\t\t\t\t\t\t\t\t<\/div>\n\t\t\t\t<div class=\"elementor-element elementor-element-f5b986c elementor-widget elementor-widget-heading\" data-id=\"f5b986c\" data-element_type=\"widget\" data-e-type=\"widget\" data-widget_type=\"heading.default\">\n\t\t\t\t\t<h2 class=\"elementor-heading-title elementor-size-default\">Entspannungsmassage<\/h2>\t\t\t\t<\/div>\n\t\t\t\t<div class=\"elementor-element elementor-element-e616cfb text-justify elementor-widget elementor-widget-text-editor\" data-id=\"e616cfb\" data-element_type=\"widget\" data-e-type=\"widget\" data-widget_type=\"text-editor.default\">\n\t\t\t\t\t\t\t\t\t<p>G\u00f6nnen Sie sich eine Oase der Ruhe mitten in der Stadt. Genie\u00dfen Sie eine 60-min\u00fctige Ganzk\u00f6rpermassage mit s\u00fc\u00dfem Mandel\u00f6l und dem Duft, der Sie am meisten inspiriert. Ein sinnliches Erlebnis, das Spannungen l\u00f6st, den K\u00f6rper entspannt und Gleichgewicht sowie Wohlbefinden wiederherstellt.  <\/p>\t\t\t\t\t\t\t\t<\/div>\n\t\t\t\t<div class=\"elementor-element elementor-element-aacc6d3 text-justify elementor-widget elementor-widget-text-editor\" data-id=\"aacc6d3\" data-element_type=\"widget\" data-e-type=\"widget\" data-widget_type=\"text-editor.default\">\n\t\t\t\t\t\t\t\t\t<p>Vorbehaltlich Verf\u00fcgbarkeit. Bitte vereinbaren Sie Datum und Uhrzeit unter <a href=\"tel:+34%20963%20153%20367\">(+34) 963 153 367<\/a>. <\/p>\t\t\t\t\t\t\t\t<\/div>\n\t\t\t\t<div class=\"elementor-element elementor-element-f01ec21 text-justify elementor-widget elementor-widget-text-editor\" data-id=\"f01ec21\" data-element_type=\"widget\" data-e-type=\"widget\" data-widget_type=\"text-editor.default\">\n\t\t\t\t\t\t\t\t\t<p>Angebot verf\u00fcgbar im <a href=\"https:\/\/myrhotels.com\/de\/hotels-in-valencia\/hotel-plaza-mercado\/\">Hotel &amp; Spa Plaza Mercado<\/a>.<\/p>\t\t\t\t\t\t\t\t<\/div>\n\t\t\t\t<div class=\"elementor-element elementor-element-64fb501 text-justify elementor-widget elementor-widget-text-editor\" data-id=\"64fb501\" data-element_type=\"widget\" data-e-type=\"widget\" data-widget_type=\"text-editor.default\">\n\t\t\t\t\t\t\t\t\t<p><span class=\"comment_message--italicStyle--QoaFv\">Preis: 80\u20ac <\/span><\/p>\t\t\t\t\t\t\t\t<\/div>\n\t\t\t\t<div class=\"elementor-element elementor-element-c24e892 elementor-tablet-align-center my-btn elementor-align-left elementor-widget elementor-widget-button\" data-id=\"c24e892\" data-element_type=\"widget\" data-e-type=\"widget\" data-widget_type=\"button.default\">\n\t\t\t\t\t\t\t\t\t\t<a class=\"elementor-button elementor-button-link elementor-size-sm\" href=\"https:\/\/connect.shore.com\/bookings\/hotel-plaza-mercado-spa\/services\">\n\t\t\t\t\t\t<span class=\"elementor-button-content-wrapper\">\n\t\t\t\t\t\t\t\t\t<span class=\"elementor-button-text\">Jetzt buchen<\/span>\n\t\t\t\t\t<\/span>\n\t\t\t\t\t<\/a>\n\t\t\t\t\t\t\t\t<\/div>\n\t\t\t\t<\/div>\n\t\t<div class=\"elementor-element elementor-element-0da5021 e-con-full e-flex e-con e-child\" data-id=\"0da5021\" data-element_type=\"container\" data-e-type=\"container\" data-settings=\"{&quot;background_background&quot;:&quot;classic&quot;}\">\n\t\t\t\t<div class=\"elementor-element elementor-element-36f99a6 elementor-widget elementor-widget-spacer\" data-id=\"36f99a6\" data-element_type=\"widget\" data-e-type=\"widget\" data-widget_type=\"spacer.default\">\n\t\t\t\t\t\t\t<div class=\"elementor-spacer\">\n\t\t\t<div class=\"elementor-spacer-inner\"><\/div>\n\t\t<\/div>\n\t\t\t\t\t\t<\/div>\n\t\t\t\t<\/div>\n\t\t\t\t\t<\/div>\n\t\t\t\t<\/div>\n\t\t<div class=\"elementor-element elementor-element-28ea13f e-flex e-con-boxed e-con e-parent\" data-id=\"28ea13f\" data-element_type=\"container\" data-e-type=\"container\" data-settings=\"{&quot;background_background&quot;:&quot;classic&quot;}\">\n\t\t\t\t\t<div class=\"e-con-inner\">\n\t\t<div class=\"elementor-element elementor-element-1816b3d e-con-full e-flex e-con e-child\" data-id=\"1816b3d\" data-element_type=\"container\" data-e-type=\"container\" data-settings=\"{&quot;background_background&quot;:&quot;classic&quot;}\">\n\t\t\t\t<div class=\"elementor-element elementor-element-4389cee elementor-widget elementor-widget-spacer\" data-id=\"4389cee\" data-element_type=\"widget\" data-e-type=\"widget\" data-widget_type=\"spacer.default\">\n\t\t\t\t\t\t\t<div class=\"elementor-spacer\">\n\t\t\t<div class=\"elementor-spacer-inner\"><\/div>\n\t\t<\/div>\n\t\t\t\t\t\t<\/div>\n\t\t\t\t<\/div>\n\t\t<div class=\"elementor-element elementor-element-0f5c4ca e-con-full e-flex e-con e-child\" data-id=\"0f5c4ca\" data-element_type=\"container\" data-e-type=\"container\">\n\t\t<div class=\"elementor-element elementor-element-20e4ced e-con-full e-flex e-con e-child\" data-id=\"20e4ced\" data-element_type=\"container\" data-e-type=\"container\">\n\t\t\t\t<div class=\"elementor-element elementor-element-fb52d3a elementor-widget elementor-widget-text-editor\" data-id=\"fb52d3a\" data-element_type=\"widget\" data-e-type=\"widget\" data-widget_type=\"text-editor.default\">\n\t\t\t\t\t\t\t\t\t<p>Entspannungsaufenthalt<\/p>\t\t\t\t\t\t\t\t<\/div>\n\t\t\t\t<div class=\"elementor-element elementor-element-5976e30 elementor-widget elementor-widget-heading\" data-id=\"5976e30\" data-element_type=\"widget\" data-e-type=\"widget\" data-widget_type=\"heading.default\">\n\t\t\t\t\t<h2 class=\"elementor-heading-title elementor-size-default\">Ritual Gold<\/h2>\t\t\t\t<\/div>\n\t\t\t\t<div class=\"elementor-element elementor-element-8fb4c25 elementor-widget elementor-widget-text-editor\" data-id=\"8fb4c25\" data-element_type=\"widget\" data-e-type=\"widget\" data-widget_type=\"text-editor.default\">\n\t\t\t\t\t\t\t\t\t<p>Erleben Sie ein exklusives 90-min\u00fctiges Ritual, das Peeling, K\u00f6rperpackung und Feuchtigkeitspflege mit nat\u00fcrlichen \u00d6len, Aloe Vera und 24K Gold kombiniert. Teilen Sie dieses Erlebnis zu zweit und lassen Sie sich von einer Massage mit vulkanischen Steinen umh\u00fcllen, die die Haut zum Strahlen bringt, den K\u00f6rper tief entspannt und Geist sowie Seele erneuert. <\/p>\t\t\t\t\t\t\t\t<\/div>\n\t\t\t\t<div class=\"elementor-element elementor-element-de8e922 elementor-widget elementor-widget-text-editor\" data-id=\"de8e922\" data-element_type=\"widget\" data-e-type=\"widget\" data-widget_type=\"text-editor.default\">\n\t\t\t\t\t\t\t\t\t<p>* F\u00fcgen Sie dieses Paket Ihrer Buchung hinzu<\/p>\t\t\t\t\t\t\t\t<\/div>\n\t\t\t\t<div class=\"elementor-element elementor-element-aebcb8c elementor-widget elementor-widget-text-editor\" data-id=\"aebcb8c\" data-element_type=\"widget\" data-e-type=\"widget\" data-widget_type=\"text-editor.default\">\n\t\t\t\t\t\t\t\t\t<p><span class=\"\">Angebot verf\u00fcgbar im <a href=\"https:\/\/myrhotels.com\/de\/hotels-in-valencia\/hotel-plaza-mercado\/\">Hotel &amp; Spa Plaza Mercado<\/a><\/span><\/p>\t\t\t\t\t\t\t\t<\/div>\n\t\t\t\t<div class=\"elementor-element elementor-element-6b2d10e elementor-widget elementor-widget-text-editor\" data-id=\"6b2d10e\" data-element_type=\"widget\" data-e-type=\"widget\" data-widget_type=\"text-editor.default\">\n\t\t\t\t\t\t\t\t\t<p><span class=\"\">Preis: 140\u20ac<\/span><\/p>\t\t\t\t\t\t\t\t<\/div>\n\t\t\t\t<div class=\"elementor-element elementor-element-5965ed8 elementor-tablet-align-center my-btn elementor-align-left elementor-widget elementor-widget-button\" data-id=\"5965ed8\" data-element_type=\"widget\" data-e-type=\"widget\" data-widget_type=\"button.default\">\n\t\t\t\t\t\t\t\t\t\t<a class=\"elementor-button elementor-button-link elementor-size-sm\" href=\"https:\/\/connect.shore.com\/bookings\/hotel-plaza-mercado-spa\/services\">\n\t\t\t\t\t\t<span class=\"elementor-button-content-wrapper\">\n\t\t\t\t\t\t\t\t\t<span class=\"elementor-button-text\">Jetzt buchen<\/span>\n\t\t\t\t\t<\/span>\n\t\t\t\t\t<\/a>\n\t\t\t\t\t\t\t\t<\/div>\n\t\t\t\t<\/div>\n\t\t\t\t<\/div>\n\t\t\t\t\t<\/div>\n\t\t\t\t<\/div>\n\t\t\t\t<\/div>\n\t\t","protected":false},"excerpt":{"rendered":"<p>MYR Hotels Sonderpakete Ein Erlebnis f\u00fcr zwei Romantisches Paket Ein Empfang, der darauf ausgelegt ist, die Liebe mit h\u00f6chster Eleganz zu feiern. Eine Flasche Champagner im Zimmer, begleitet von exquisiten handgemachten Macarons und einem zarten Strau\u00df frischer Blumen, schafft die perfekte Kulisse, um auf besondere Momente anzusto\u00dfen. Ein intimes und raffiniertes Erlebnis, das jeden Aufenthalt [&hellip;]<\/p>\n","protected":false},"author":2,"featured_media":0,"parent":0,"menu_order":0,"comment_status":"closed","ping_status":"closed","template":"","meta":{"_acf_changed":false,"footnotes":""},"class_list":["post-10093","page","type-page","status-publish","hentry"],"acf":[],"yoast_head":"<!-- This site is optimized with the Yoast SEO plugin v27.3 - https:\/\/yoast.com\/product\/yoast-seo-wordpress\/ -->\n<title>Pakete und Erlebnisse - MYR Hotels<\/title>\n<meta name=\"description\" content=\"Entdecken Sie spezielle Pakete und Erlebnisse, mit denen Sie Valencia mit MYR Hotels erleben k\u00f6nnen.\" \/>\n<meta name=\"robots\" content=\"index, follow, max-snippet:-1, max-image-preview:large, max-video-preview:-1\" \/>\n<link rel=\"canonical\" href=\"https:\/\/myrhotels.com\/de\/sonderpakete\/\" \/>\n<meta property=\"og:locale\" content=\"de_DE\" \/>\n<meta property=\"og:type\" content=\"article\" \/>\n<meta property=\"og:title\" content=\"Pakete und Erlebnisse - MYR Hotels\" \/>\n<meta property=\"og:description\" content=\"Entdecken Sie spezielle Pakete und Erlebnisse, mit denen Sie Valencia mit MYR Hotels erleben k\u00f6nnen.\" \/>\n<meta property=\"og:url\" content=\"https:\/\/myrhotels.com\/de\/sonderpakete\/\" \/>\n<meta property=\"og:site_name\" content=\"MYR Hotels\" \/>\n<meta property=\"article:modified_time\" content=\"2026-04-01T23:37:47+00:00\" \/>\n<meta name=\"twitter:card\" content=\"summary_large_image\" \/>\n<meta name=\"twitter:label1\" content=\"Gesch\u00e4tzte Lesezeit\" \/>\n\t<meta name=\"twitter:data1\" content=\"1\u00a0Minute\" \/>\n<script type=\"application\/ld+json\" class=\"yoast-schema-graph\">{\"@context\":\"https:\\\/\\\/schema.org\",\"@graph\":[{\"@type\":\"WebPage\",\"@id\":\"https:\\\/\\\/myrhotels.com\\\/de\\\/sonderpakete\\\/\",\"url\":\"https:\\\/\\\/myrhotels.com\\\/de\\\/sonderpakete\\\/\",\"name\":\"Pakete und Erlebnisse - MYR Hotels\",\"isPartOf\":{\"@id\":\"https:\\\/\\\/myrhotels.com\\\/de\\\/#website\"},\"datePublished\":\"2025-08-25T19:04:06+00:00\",\"dateModified\":\"2026-04-01T23:37:47+00:00\",\"description\":\"Entdecken Sie spezielle Pakete und Erlebnisse, mit denen Sie Valencia mit MYR Hotels erleben k\u00f6nnen.\",\"breadcrumb\":{\"@id\":\"https:\\\/\\\/myrhotels.com\\\/de\\\/sonderpakete\\\/#breadcrumb\"},\"inLanguage\":\"de\",\"potentialAction\":[{\"@type\":\"ReadAction\",\"target\":[\"https:\\\/\\\/myrhotels.com\\\/de\\\/sonderpakete\\\/\"]}]},{\"@type\":\"BreadcrumbList\",\"@id\":\"https:\\\/\\\/myrhotels.com\\\/de\\\/sonderpakete\\\/#breadcrumb\",\"itemListElement\":[{\"@type\":\"ListItem\",\"position\":1,\"name\":\"Portada\",\"item\":\"https:\\\/\\\/myrhotels.com\\\/de\\\/\"},{\"@type\":\"ListItem\",\"position\":2,\"name\":\"Pakete und Erlebnisse\"}]},{\"@type\":\"WebSite\",\"@id\":\"https:\\\/\\\/myrhotels.com\\\/de\\\/#website\",\"url\":\"https:\\\/\\\/myrhotels.com\\\/de\\\/\",\"name\":\"MYR Hotels\",\"description\":\"Hoteles boutique en Valencia con restaurantes y rooftops exclusivos\",\"publisher\":{\"@id\":\"https:\\\/\\\/myrhotels.com\\\/de\\\/#organization\"},\"potentialAction\":[{\"@type\":\"SearchAction\",\"target\":{\"@type\":\"EntryPoint\",\"urlTemplate\":\"https:\\\/\\\/myrhotels.com\\\/de\\\/?s={search_term_string}\"},\"query-input\":{\"@type\":\"PropertyValueSpecification\",\"valueRequired\":true,\"valueName\":\"search_term_string\"}}],\"inLanguage\":\"de\"},{\"@type\":\"Organization\",\"@id\":\"https:\\\/\\\/myrhotels.com\\\/de\\\/#organization\",\"name\":\"MYR Hotels\",\"url\":\"https:\\\/\\\/myrhotels.com\\\/de\\\/\",\"logo\":{\"@type\":\"ImageObject\",\"inLanguage\":\"de\",\"@id\":\"https:\\\/\\\/myrhotels.com\\\/de\\\/#\\\/schema\\\/logo\\\/image\\\/\",\"url\":\"https:\\\/\\\/myrhotels.com\\\/wp-content\\\/uploads\\\/2025\\\/08\\\/logo-black.svg\",\"contentUrl\":\"https:\\\/\\\/myrhotels.com\\\/wp-content\\\/uploads\\\/2025\\\/08\\\/logo-black.svg\",\"width\":90,\"height\":40,\"caption\":\"MYR Hotels\"},\"image\":{\"@id\":\"https:\\\/\\\/myrhotels.com\\\/de\\\/#\\\/schema\\\/logo\\\/image\\\/\"}}]}<\/script>\n<!-- \/ Yoast SEO plugin. -->","yoast_head_json":{"title":"Pakete und Erlebnisse - MYR Hotels","description":"Entdecken Sie spezielle Pakete und Erlebnisse, mit denen Sie Valencia mit MYR Hotels erleben k\u00f6nnen.","robots":{"index":"index","follow":"follow","max-snippet":"max-snippet:-1","max-image-preview":"max-image-preview:large","max-video-preview":"max-video-preview:-1"},"canonical":"https:\/\/myrhotels.com\/de\/sonderpakete\/","og_locale":"de_DE","og_type":"article","og_title":"Pakete und Erlebnisse - MYR Hotels","og_description":"Entdecken Sie spezielle Pakete und Erlebnisse, mit denen Sie Valencia mit MYR Hotels erleben k\u00f6nnen.","og_url":"https:\/\/myrhotels.com\/de\/sonderpakete\/","og_site_name":"MYR Hotels","article_modified_time":"2026-04-01T23:37:47+00:00","twitter_card":"summary_large_image","twitter_misc":{"Gesch\u00e4tzte Lesezeit":"1\u00a0Minute"},"schema":{"@context":"https:\/\/schema.org","@graph":[{"@type":"WebPage","@id":"https:\/\/myrhotels.com\/de\/sonderpakete\/","url":"https:\/\/myrhotels.com\/de\/sonderpakete\/","name":"Pakete und Erlebnisse - MYR Hotels","isPartOf":{"@id":"https:\/\/myrhotels.com\/de\/#website"},"datePublished":"2025-08-25T19:04:06+00:00","dateModified":"2026-04-01T23:37:47+00:00","description":"Entdecken Sie spezielle Pakete und Erlebnisse, mit denen Sie Valencia mit MYR Hotels erleben k\u00f6nnen.","breadcrumb":{"@id":"https:\/\/myrhotels.com\/de\/sonderpakete\/#breadcrumb"},"inLanguage":"de","potentialAction":[{"@type":"ReadAction","target":["https:\/\/myrhotels.com\/de\/sonderpakete\/"]}]},{"@type":"BreadcrumbList","@id":"https:\/\/myrhotels.com\/de\/sonderpakete\/#breadcrumb","itemListElement":[{"@type":"ListItem","position":1,"name":"Portada","item":"https:\/\/myrhotels.com\/de\/"},{"@type":"ListItem","position":2,"name":"Pakete und Erlebnisse"}]},{"@type":"WebSite","@id":"https:\/\/myrhotels.com\/de\/#website","url":"https:\/\/myrhotels.com\/de\/","name":"MYR Hotels","description":"Hoteles boutique en Valencia con restaurantes y rooftops exclusivos","publisher":{"@id":"https:\/\/myrhotels.com\/de\/#organization"},"potentialAction":[{"@type":"SearchAction","target":{"@type":"EntryPoint","urlTemplate":"https:\/\/myrhotels.com\/de\/?s={search_term_string}"},"query-input":{"@type":"PropertyValueSpecification","valueRequired":true,"valueName":"search_term_string"}}],"inLanguage":"de"},{"@type":"Organization","@id":"https:\/\/myrhotels.com\/de\/#organization","name":"MYR Hotels","url":"https:\/\/myrhotels.com\/de\/","logo":{"@type":"ImageObject","inLanguage":"de","@id":"https:\/\/myrhotels.com\/de\/#\/schema\/logo\/image\/","url":"https:\/\/myrhotels.com\/wp-content\/uploads\/2025\/08\/logo-black.svg","contentUrl":"https:\/\/myrhotels.com\/wp-content\/uploads\/2025\/08\/logo-black.svg","width":90,"height":40,"caption":"MYR Hotels"},"image":{"@id":"https:\/\/myrhotels.com\/de\/#\/schema\/logo\/image\/"}}]}},"_links":{"self":[{"href":"https:\/\/myrhotels.com\/de\/wp-json\/wp\/v2\/pages\/10093","targetHints":{"allow":["GET"]}}],"collection":[{"href":"https:\/\/myrhotels.com\/de\/wp-json\/wp\/v2\/pages"}],"about":[{"href":"https:\/\/myrhotels.com\/de\/wp-json\/wp\/v2\/types\/page"}],"author":[{"embeddable":true,"href":"https:\/\/myrhotels.com\/de\/wp-json\/wp\/v2\/users\/2"}],"replies":[{"embeddable":true,"href":"https:\/\/myrhotels.com\/de\/wp-json\/wp\/v2\/comments?post=10093"}],"version-history":[{"count":8,"href":"https:\/\/myrhotels.com\/de\/wp-json\/wp\/v2\/pages\/10093\/revisions"}],"predecessor-version":[{"id":12477,"href":"https:\/\/myrhotels.com\/de\/wp-json\/wp\/v2\/pages\/10093\/revisions\/12477"}],"wp:attachment":[{"href":"https:\/\/myrhotels.com\/de\/wp-json\/wp\/v2\/media?parent=10093"}],"curies":[{"name":"wp","href":"https:\/\/api.w.org\/{rel}","templated":true}]}}